{"id":1248,"date":"2024-12-06T11:52:14","date_gmt":"2024-12-06T10:52:14","guid":{"rendered":"https:\/\/lina.gndev.se\/?page_id=1248"},"modified":"2024-12-12T13:04:53","modified_gmt":"2024-12-12T12:04:53","slug":"refund_returns","status":"publish","type":"page","link":"https:\/\/lina.gndev.se\/?page_id=1248","title":{"rendered":"K\u00f6pvillkor"},"content":{"rendered":"\t\t<div data-elementor-type=\"wp-page\" data-elementor-id=\"1248\" class=\"elementor elementor-1248\" data-elementor-post-type=\"page\">\n\t\t\t\t\t\t<section class=\"elementor-section elementor-top-section elementor-element elementor-element-6fa84cb elementor-reverse-mobile elementor-section-boxed elementor-section-height-default elementor-section-height-default\" data-id=\"6fa84cb\" data-element_type=\"section\" data-e-type=\"section\">\n\t\t\t\t\t\t<div class=\"elementor-container elementor-column-gap-default\">\n\t\t\t\t\t<div class=\"elementor-column elementor-col-66 elementor-top-column elementor-element elementor-element-1989c7e\" data-id=\"1989c7e\" data-element_type=\"column\" data-e-type=\"column\">\n\t\t\t<div class=\"elementor-widget-wrap elementor-element-populated\">\n\t\t\t\t\t\t<section class=\"elementor-section elementor-inner-section elementor-element elementor-element-ed3d6d4 elementor-section-boxed elementor-section-height-default elementor-section-height-default\" data-id=\"ed3d6d4\" data-element_type=\"section\" data-e-type=\"section\" data-settings=\"{&quot;background_background&quot;:&quot;classic&quot;}\">\n\t\t\t\t\t\t<div class=\"elementor-container elementor-column-gap-default\">\n\t\t\t\t\t<div class=\"elementor-column elementor-col-100 elementor-inner-column elementor-element elementor-element-9e7a3bb\" data-id=\"9e7a3bb\" data-element_type=\"column\" data-e-type=\"column\">\n\t\t\t<div class=\"elementor-widget-wrap elementor-element-populated\">\n\t\t\t\t\t\t<div class=\"elementor-element elementor-element-f257726 elementor-widget elementor-widget-heading\" data-id=\"f257726\" data-element_type=\"widget\" data-e-type=\"widget\" data-widget_type=\"heading.default\">\n\t\t\t\t<div class=\"elementor-widget-container\">\n\t\t\t\t\t<h1 class=\"elementor-heading-title elementor-size-default\">K\u00f6pvillkor<\/h1>\t\t\t\t<\/div>\n\t\t\t\t<\/div>\n\t\t\t\t<div class=\"elementor-element elementor-element-49a82fc elementor-widget-divider--view-line elementor-widget elementor-widget-divider\" data-id=\"49a82fc\" data-element_type=\"widget\" data-e-type=\"widget\" data-widget_type=\"divider.default\">\n\t\t\t\t<div class=\"elementor-widget-container\">\n\t\t\t\t\t\t\t<div class=\"elementor-divider\">\n\t\t\t<span class=\"elementor-divider-separator\">\n\t\t\t\t\t\t<\/span>\n\t\t<\/div>\n\t\t\t\t\t\t<\/div>\n\t\t\t\t<\/div>\n\t\t\t\t<div class=\"elementor-element elementor-element-157696c elementor-widget elementor-widget-text-editor\" data-id=\"157696c\" data-element_type=\"widget\" data-e-type=\"widget\" data-widget_type=\"text-editor.default\">\n\t\t\t\t<div class=\"elementor-widget-container\">\n\t\t\t\t\t\t\t\t\t<p>V\u00e4lkommen till v\u00e5r butik f\u00f6r virkare! Vi \u00e4r glada att du har hittat hit. H\u00e4r hittar du allt du beh\u00f6ver f\u00f6r ditt virkprojekt \u2013 fr\u00e5n garn och virkn\u00e5lar till tillbeh\u00f6r och inspirerande m\u00f6nster. Innan du handlar, v\u00e4nligen l\u00e4s igenom v\u00e5ra k\u00f6pvillkor nedan.<\/p>\t\t\t\t\t\t\t\t<\/div>\n\t\t\t\t<\/div>\n\t\t\t\t<div class=\"elementor-element elementor-element-dfad20b elementor-widget elementor-widget-heading\" data-id=\"dfad20b\" data-element_type=\"widget\" data-e-type=\"widget\" data-widget_type=\"heading.default\">\n\t\t\t\t<div class=\"elementor-widget-container\">\n\t\t\t\t\t<h2 class=\"elementor-heading-title elementor-size-default\">Best\u00e4llning och betalning<\/h2>\t\t\t\t<\/div>\n\t\t\t\t<\/div>\n\t\t\t\t<div class=\"elementor-element elementor-element-145b532 elementor-widget elementor-widget-text-editor\" data-id=\"145b532\" data-element_type=\"widget\" data-e-type=\"widget\" data-widget_type=\"text-editor.default\">\n\t\t\t\t<div class=\"elementor-widget-container\">\n\t\t\t\t\t\t\t\t\t<p>N\u00e4r du genomf\u00f6r ett k\u00f6p p\u00e5 v\u00e5r hemsida bekr\u00e4ftar du din best\u00e4llning och f\u00f6rbinder dig att betala f\u00f6r de produkter du valt. Betalning sker via de alternativ som finns tillg\u00e4ngliga vid kassan.<\/p>\t\t\t\t\t\t\t\t<\/div>\n\t\t\t\t<\/div>\n\t\t\t\t<div class=\"elementor-element elementor-element-89bf823 elementor-widget elementor-widget-heading\" data-id=\"89bf823\" data-element_type=\"widget\" data-e-type=\"widget\" data-widget_type=\"heading.default\">\n\t\t\t\t<div class=\"elementor-widget-container\">\n\t\t\t\t\t<h2 class=\"elementor-heading-title elementor-size-default\">Priser<\/h2>\t\t\t\t<\/div>\n\t\t\t\t<\/div>\n\t\t\t\t<div class=\"elementor-element elementor-element-2ade15b elementor-widget elementor-widget-text-editor\" data-id=\"2ade15b\" data-element_type=\"widget\" data-e-type=\"widget\" data-widget_type=\"text-editor.default\">\n\t\t\t\t<div class=\"elementor-widget-container\">\n\t\t\t\t\t\t\t\t\t<p>Alla priser anges i svenska kronor (SEK) och inkluderar moms. Fraktkostnad tillkommer enligt g\u00e4llande prislista.<\/p>\t\t\t\t\t\t\t\t<\/div>\n\t\t\t\t<\/div>\n\t\t\t\t<div class=\"elementor-element elementor-element-e23f268 elementor-widget elementor-widget-heading\" data-id=\"e23f268\" data-element_type=\"widget\" data-e-type=\"widget\" data-widget_type=\"heading.default\">\n\t\t\t\t<div class=\"elementor-widget-container\">\n\t\t\t\t\t<h2 class=\"elementor-heading-title elementor-size-default\">Leverans<\/h2>\t\t\t\t<\/div>\n\t\t\t\t<\/div>\n\t\t\t\t<div class=\"elementor-element elementor-element-a63e5d8 elementor-widget elementor-widget-text-editor\" data-id=\"a63e5d8\" data-element_type=\"widget\" data-e-type=\"widget\" data-widget_type=\"text-editor.default\">\n\t\t\t\t<div class=\"elementor-widget-container\">\n\t\t\t\t\t\t\t\t\t<p>Vi str\u00e4var efter att behandla och skicka din best\u00e4llning inom 1-3 arbetsdagar. Leveranstid kan variera beroende p\u00e5 din plats och valt fraktalternativ.<\/p>\t\t\t\t\t\t\t\t<\/div>\n\t\t\t\t<\/div>\n\t\t\t\t<div class=\"elementor-element elementor-element-dbd07e5 elementor-widget elementor-widget-heading\" data-id=\"dbd07e5\" data-element_type=\"widget\" data-e-type=\"widget\" data-widget_type=\"heading.default\">\n\t\t\t\t<div class=\"elementor-widget-container\">\n\t\t\t\t\t<h2 class=\"elementor-heading-title elementor-size-default\">\u00c5ngerr\u00e4tt och retur<\/h2>\t\t\t\t<\/div>\n\t\t\t\t<\/div>\n\t\t\t\t<div class=\"elementor-element elementor-element-1185d21 elementor-widget elementor-widget-text-editor\" data-id=\"1185d21\" data-element_type=\"widget\" data-e-type=\"widget\" data-widget_type=\"text-editor.default\">\n\t\t\t\t<div class=\"elementor-widget-container\">\n\t\t\t\t\t\t\t\t\t<p>Du har r\u00e4tt att \u00e5ngra ditt k\u00f6p inom 14 dagar fr\u00e5n det att du mottagit varan. Returer accepteras om produkten \u00e4r i oskadat skick och i originalf\u00f6rpackning. Undantag kan g\u00e4lla f\u00f6r m\u00f6nster och digitala produkter, d\u00e4r \u00e5ngerr\u00e4tten inte g\u00e4ller.<\/p>\t\t\t\t\t\t\t\t<\/div>\n\t\t\t\t<\/div>\n\t\t\t\t<div class=\"elementor-element elementor-element-3b81ef5 elementor-widget elementor-widget-heading\" data-id=\"3b81ef5\" data-element_type=\"widget\" data-e-type=\"widget\" data-widget_type=\"heading.default\">\n\t\t\t\t<div class=\"elementor-widget-container\">\n\t\t\t\t\t<h2 class=\"elementor-heading-title elementor-size-default\">Ansvar f\u00f6r produkter<\/h2>\t\t\t\t<\/div>\n\t\t\t\t<\/div>\n\t\t\t\t<div class=\"elementor-element elementor-element-7f034b9 elementor-widget elementor-widget-text-editor\" data-id=\"7f034b9\" data-element_type=\"widget\" data-e-type=\"widget\" data-widget_type=\"text-editor.default\">\n\t\t\t\t<div class=\"elementor-widget-container\">\n\t\t\t\t\t\t\t\t\t<p>Vi ansvarar f\u00f6r att de produkter du best\u00e4llt \u00e4r felfria vid leverans. Om en vara skulle vara defekt eller felaktig, v\u00e4nligen kontakta oss s\u00e5 snabbt som m\u00f6jligt f\u00f6r att f\u00e5 hj\u00e4lp med retur eller byte.<\/p>\t\t\t\t\t\t\t\t<\/div>\n\t\t\t\t<\/div>\n\t\t\t\t<div class=\"elementor-element elementor-element-285a348 elementor-widget elementor-widget-heading\" data-id=\"285a348\" data-element_type=\"widget\" data-e-type=\"widget\" data-widget_type=\"heading.default\">\n\t\t\t\t<div class=\"elementor-widget-container\">\n\t\t\t\t\t<h2 class=\"elementor-heading-title elementor-size-default\">Personuppgifter<\/h2>\t\t\t\t<\/div>\n\t\t\t\t<\/div>\n\t\t\t\t<div class=\"elementor-element elementor-element-8f4f27a elementor-widget elementor-widget-text-editor\" data-id=\"8f4f27a\" data-element_type=\"widget\" data-e-type=\"widget\" data-widget_type=\"text-editor.default\">\n\t\t\t\t<div class=\"elementor-widget-container\">\n\t\t\t\t\t\t\t\t\t<p>Vi behandlar dina personuppgifter enligt v\u00e5r integritetspolicy f\u00f6r att kunna fullf\u00f6lja din best\u00e4llning och f\u00f6r att ge dig b\u00e4sta m\u00f6jliga kundupplevelse<\/p>\t\t\t\t\t\t\t\t<\/div>\n\t\t\t\t<\/div>\n\t\t\t\t\t<\/div>\n\t\t<\/div>\n\t\t\t\t\t<\/div>\n\t\t<\/section>\n\t\t\t\t\t<\/div>\n\t\t<\/div>\n\t\t\t\t<div class=\"elementor-column elementor-col-33 elementor-top-column elementor-element elementor-element-77c8295\" data-id=\"77c8295\" data-element_type=\"column\" data-e-type=\"column\">\n\t\t\t<div class=\"elementor-widget-wrap elementor-element-populated\">\n\t\t\t\t\t\t<div class=\"elementor-element elementor-element-4f14df7 elementor-toc--minimized-on-tablet elementor-widget elementor-widget-table-of-contents\" data-id=\"4f14df7\" data-element_type=\"widget\" data-e-type=\"widget\" data-settings=\"{&quot;exclude_headings_by_selector&quot;:[],&quot;no_headings_message&quot;:&quot;No headings were found on this page.&quot;,&quot;headings_by_tags&quot;:[&quot;h2&quot;,&quot;h3&quot;,&quot;h4&quot;,&quot;h5&quot;,&quot;h6&quot;],&quot;marker_view&quot;:&quot;numbers&quot;,&quot;minimize_box&quot;:&quot;yes&quot;,&quot;minimized_on&quot;:&quot;tablet&quot;,&quot;hierarchical_view&quot;:&quot;yes&quot;,&quot;min_height&quot;:{&quot;unit&quot;:&quot;px&quot;,&quot;size&quot;:&quot;&quot;,&quot;sizes&quot;:[]},&quot;min_height_tablet&quot;:{&quot;unit&quot;:&quot;px&quot;,&quot;size&quot;:&quot;&quot;,&quot;sizes&quot;:[]},&quot;min_height_mobile&quot;:{&quot;unit&quot;:&quot;px&quot;,&quot;size&quot;:&quot;&quot;,&quot;sizes&quot;:[]}}\" data-widget_type=\"table-of-contents.default\">\n\t\t\t\t<div class=\"elementor-widget-container\">\n\t\t\t\t\t\t\t\t\t<div class=\"elementor-toc__header\">\n\t\t\t\t\t\t<h2 class=\"elementor-toc__header-title\">\n\t\t\t\tInneh\u00e5ll\t\t\t<\/h2>\n\t\t\t\t\t\t\t\t\t\t<div class=\"elementor-toc__toggle-button elementor-toc__toggle-button--expand\" role=\"button\" tabindex=\"0\" aria-controls=\"elementor-toc__4f14df7\" aria-expanded=\"true\" aria-label=\"\u00d6ppna inneh\u00e5llsf\u00f6rteckning\"><i aria-hidden=\"true\" class=\"fas fa-chevron-down\"><\/i><\/div>\n\t\t\t\t<div class=\"elementor-toc__toggle-button elementor-toc__toggle-button--collapse\" role=\"button\" tabindex=\"0\" aria-controls=\"elementor-toc__4f14df7\" aria-expanded=\"true\" aria-label=\"St\u00e4ng inneh\u00e5llsf\u00f6rteckning\"><i aria-hidden=\"true\" class=\"fas fa-chevron-up\"><\/i><\/div>\n\t\t\t\t\t<\/div>\n\t\t\t\t<div id=\"elementor-toc__4f14df7\" class=\"elementor-toc__body\">\n\t\t\t<div class=\"elementor-toc__spinner-container\">\n\t\t\t\t<i class=\"elementor-toc__spinner eicon-animation-spin eicon-loading\" aria-hidden=\"true\"><\/i>\t\t\t<\/div>\n\t\t<\/div>\n\t\t\t\t\t\t<\/div>\n\t\t\t\t<\/div>\n\t\t\t\t\t<\/div>\n\t\t<\/div>\n\t\t\t\t\t<\/div>\n\t\t<\/section>\n\t\t\t\t<\/div>\n\t\t","protected":false},"excerpt":{"rendered":"<p>K\u00f6pvillkor V\u00e4lkommen till v\u00e5r butik f\u00f6r virkare! Vi \u00e4r glada att du har hittat hit. H\u00e4r hittar du allt du beh\u00f6ver f\u00f6r ditt virkprojekt \u2013 fr\u00e5n garn och virkn\u00e5lar till tillbeh\u00f6r och inspirerande m\u00f6nster. Innan du handlar, v\u00e4nligen l\u00e4s igenom v\u00e5ra k\u00f6pvillkor nedan. Best\u00e4llning och betalning N\u00e4r du genomf\u00f6r ett k\u00f6p p\u00e5 v\u00e5r hemsida bekr\u00e4ftar [&hellip;]<\/p>\n","protected":false},"author":1,"featured_media":0,"parent":0,"menu_order":0,"comment_status":"closed","ping_status":"closed","template":"","meta":{"footnotes":""},"class_list":["post-1248","page","type-page","status-publish","hentry"],"yoast_head":"<!-- This site is optimized with the Yoast SEO plugin v27.2 - https:\/\/yoast.com\/product\/yoast-seo-wordpress\/ -->\n<title>K\u00f6pvillkor - Virkstugan<\/title>\n<meta name=\"description\" content=\"N\u00e4r du g\u00f6r en best\u00e4llning via v\u00e5r webbplats, godk\u00e4nner du dessa k\u00f6pvillkor. Ett k\u00f6peavtal ing\u00e5s n\u00e4r vi bekr\u00e4ftar din best\u00e4llning via e-post.\" \/>\n<meta name=\"robots\" content=\"index, follow, max-snippet:-1, max-image-preview:large, max-video-preview:-1\" \/>\n<link rel=\"canonical\" href=\"https:\/\/lina.gndev.se\/?page_id=1248\" \/>\n<meta property=\"og:locale\" content=\"sv_SE\" \/>\n<meta property=\"og:type\" content=\"article\" \/>\n<meta property=\"og:title\" content=\"K\u00f6pvillkor - Virkstugan\" \/>\n<meta property=\"og:description\" content=\"N\u00e4r du g\u00f6r en best\u00e4llning via v\u00e5r webbplats, godk\u00e4nner du dessa k\u00f6pvillkor. Ett k\u00f6peavtal ing\u00e5s n\u00e4r vi bekr\u00e4ftar din best\u00e4llning via e-post.\" \/>\n<meta property=\"og:url\" content=\"https:\/\/lina.gndev.se\/?page_id=1248\" \/>\n<meta property=\"og:site_name\" content=\"Virkstugan\" \/>\n<meta property=\"article:modified_time\" content=\"2024-12-12T12:04:53+00:00\" \/>\n<meta name=\"twitter:card\" content=\"summary_large_image\" \/>\n<meta name=\"twitter:label1\" content=\"Ber\u00e4knad l\u00e4stid\" \/>\n\t<meta name=\"twitter:data1\" content=\"2 minuter\" \/>\n<script type=\"application\/ld+json\" class=\"yoast-schema-graph\">{\"@context\":\"https:\/\/schema.org\",\"@graph\":[{\"@type\":\"WebPage\",\"@id\":\"https:\/\/lina.gndev.se\/?page_id=1248\",\"url\":\"https:\/\/lina.gndev.se\/?page_id=1248\",\"name\":\"K\u00f6pvillkor - Virkstugan\",\"isPartOf\":{\"@id\":\"https:\/\/lina.gndev.se\/#website\"},\"datePublished\":\"2024-12-06T10:52:14+00:00\",\"dateModified\":\"2024-12-12T12:04:53+00:00\",\"description\":\"N\u00e4r du g\u00f6r en best\u00e4llning via v\u00e5r webbplats, godk\u00e4nner du dessa k\u00f6pvillkor. Ett k\u00f6peavtal ing\u00e5s n\u00e4r vi bekr\u00e4ftar din best\u00e4llning via e-post.\",\"breadcrumb\":{\"@id\":\"https:\/\/lina.gndev.se\/?page_id=1248#breadcrumb\"},\"inLanguage\":\"sv-SE\",\"potentialAction\":[{\"@type\":\"ReadAction\",\"target\":[\"https:\/\/lina.gndev.se\/?page_id=1248\"]}]},{\"@type\":\"BreadcrumbList\",\"@id\":\"https:\/\/lina.gndev.se\/?page_id=1248#breadcrumb\",\"itemListElement\":[{\"@type\":\"ListItem\",\"position\":1,\"name\":\"Home\",\"item\":\"https:\/\/lina.gndev.se\/\"},{\"@type\":\"ListItem\",\"position\":2,\"name\":\"K\u00f6pvillkor\"}]},{\"@type\":\"WebSite\",\"@id\":\"https:\/\/lina.gndev.se\/#website\",\"url\":\"https:\/\/lina.gndev.se\/\",\"name\":\"lina\",\"description\":\"Labbmilj\u00f6\",\"publisher\":{\"@id\":\"https:\/\/lina.gndev.se\/#organization\"},\"potentialAction\":[{\"@type\":\"SearchAction\",\"target\":{\"@type\":\"EntryPoint\",\"urlTemplate\":\"https:\/\/lina.gndev.se\/?s={search_term_string}\"},\"query-input\":{\"@type\":\"PropertyValueSpecification\",\"valueRequired\":true,\"valueName\":\"search_term_string\"}}],\"inLanguage\":\"sv-SE\"},{\"@type\":\"Organization\",\"@id\":\"https:\/\/lina.gndev.se\/#organization\",\"name\":\"lina\",\"url\":\"https:\/\/lina.gndev.se\/\",\"logo\":{\"@type\":\"ImageObject\",\"inLanguage\":\"sv-SE\",\"@id\":\"https:\/\/lina.gndev.se\/#\/schema\/logo\/image\/\",\"url\":\"https:\/\/lina.gndev.se\/wp-content\/uploads\/2024\/11\/ikon-m-devis-versal.svg\",\"contentUrl\":\"https:\/\/lina.gndev.se\/wp-content\/uploads\/2024\/11\/ikon-m-devis-versal.svg\",\"width\":101,\"height\":24,\"caption\":\"lina\"},\"image\":{\"@id\":\"https:\/\/lina.gndev.se\/#\/schema\/logo\/image\/\"}}]}<\/script>\n<!-- \/ Yoast SEO plugin. -->","yoast_head_json":{"title":"K\u00f6pvillkor - Virkstugan","description":"N\u00e4r du g\u00f6r en best\u00e4llning via v\u00e5r webbplats, godk\u00e4nner du dessa k\u00f6pvillkor. Ett k\u00f6peavtal ing\u00e5s n\u00e4r vi bekr\u00e4ftar din best\u00e4llning via e-post.","robots":{"index":"index","follow":"follow","max-snippet":"max-snippet:-1","max-image-preview":"max-image-preview:large","max-video-preview":"max-video-preview:-1"},"canonical":"https:\/\/lina.gndev.se\/?page_id=1248","og_locale":"sv_SE","og_type":"article","og_title":"K\u00f6pvillkor - Virkstugan","og_description":"N\u00e4r du g\u00f6r en best\u00e4llning via v\u00e5r webbplats, godk\u00e4nner du dessa k\u00f6pvillkor. Ett k\u00f6peavtal ing\u00e5s n\u00e4r vi bekr\u00e4ftar din best\u00e4llning via e-post.","og_url":"https:\/\/lina.gndev.se\/?page_id=1248","og_site_name":"Virkstugan","article_modified_time":"2024-12-12T12:04:53+00:00","twitter_card":"summary_large_image","twitter_misc":{"Ber\u00e4knad l\u00e4stid":"2 minuter"},"schema":{"@context":"https:\/\/schema.org","@graph":[{"@type":"WebPage","@id":"https:\/\/lina.gndev.se\/?page_id=1248","url":"https:\/\/lina.gndev.se\/?page_id=1248","name":"K\u00f6pvillkor - Virkstugan","isPartOf":{"@id":"https:\/\/lina.gndev.se\/#website"},"datePublished":"2024-12-06T10:52:14+00:00","dateModified":"2024-12-12T12:04:53+00:00","description":"N\u00e4r du g\u00f6r en best\u00e4llning via v\u00e5r webbplats, godk\u00e4nner du dessa k\u00f6pvillkor. Ett k\u00f6peavtal ing\u00e5s n\u00e4r vi bekr\u00e4ftar din best\u00e4llning via e-post.","breadcrumb":{"@id":"https:\/\/lina.gndev.se\/?page_id=1248#breadcrumb"},"inLanguage":"sv-SE","potentialAction":[{"@type":"ReadAction","target":["https:\/\/lina.gndev.se\/?page_id=1248"]}]},{"@type":"BreadcrumbList","@id":"https:\/\/lina.gndev.se\/?page_id=1248#breadcrumb","itemListElement":[{"@type":"ListItem","position":1,"name":"Home","item":"https:\/\/lina.gndev.se\/"},{"@type":"ListItem","position":2,"name":"K\u00f6pvillkor"}]},{"@type":"WebSite","@id":"https:\/\/lina.gndev.se\/#website","url":"https:\/\/lina.gndev.se\/","name":"lina","description":"Labbmilj\u00f6","publisher":{"@id":"https:\/\/lina.gndev.se\/#organization"},"potentialAction":[{"@type":"SearchAction","target":{"@type":"EntryPoint","urlTemplate":"https:\/\/lina.gndev.se\/?s={search_term_string}"},"query-input":{"@type":"PropertyValueSpecification","valueRequired":true,"valueName":"search_term_string"}}],"inLanguage":"sv-SE"},{"@type":"Organization","@id":"https:\/\/lina.gndev.se\/#organization","name":"lina","url":"https:\/\/lina.gndev.se\/","logo":{"@type":"ImageObject","inLanguage":"sv-SE","@id":"https:\/\/lina.gndev.se\/#\/schema\/logo\/image\/","url":"https:\/\/lina.gndev.se\/wp-content\/uploads\/2024\/11\/ikon-m-devis-versal.svg","contentUrl":"https:\/\/lina.gndev.se\/wp-content\/uploads\/2024\/11\/ikon-m-devis-versal.svg","width":101,"height":24,"caption":"lina"},"image":{"@id":"https:\/\/lina.gndev.se\/#\/schema\/logo\/image\/"}}]}},"_links":{"self":[{"href":"https:\/\/lina.gndev.se\/index.php?rest_route=\/wp\/v2\/pages\/1248","targetHints":{"allow":["GET"]}}],"collection":[{"href":"https:\/\/lina.gndev.se\/index.php?rest_route=\/wp\/v2\/pages"}],"about":[{"href":"https:\/\/lina.gndev.se\/index.php?rest_route=\/wp\/v2\/types\/page"}],"author":[{"embeddable":true,"href":"https:\/\/lina.gndev.se\/index.php?rest_route=\/wp\/v2\/users\/1"}],"replies":[{"embeddable":true,"href":"https:\/\/lina.gndev.se\/index.php?rest_route=%2Fwp%2Fv2%2Fcomments&post=1248"}],"version-history":[{"count":77,"href":"https:\/\/lina.gndev.se\/index.php?rest_route=\/wp\/v2\/pages\/1248\/revisions"}],"predecessor-version":[{"id":3459,"href":"https:\/\/lina.gndev.se\/index.php?rest_route=\/wp\/v2\/pages\/1248\/revisions\/3459"}],"wp:attachment":[{"href":"https:\/\/lina.gndev.se\/index.php?rest_route=%2Fwp%2Fv2%2Fmedia&parent=1248"}],"curies":[{"name":"wp","href":"https:\/\/api.w.org\/{rel}","templated":true}]}}