{"id":1298,"date":"2024-11-26T13:24:23","date_gmt":"2024-11-26T12:24:23","guid":{"rendered":"https:\/\/lina.gndev.se\/?page_id=1298"},"modified":"2024-12-12T13:09:31","modified_gmt":"2024-12-12T12:09:31","slug":"privacy-policy","status":"publish","type":"page","link":"https:\/\/lina.gndev.se\/?page_id=1298","title":{"rendered":"Privat Policy"},"content":{"rendered":"\t\t<div data-elementor-type=\"wp-page\" data-elementor-id=\"1298\" class=\"elementor elementor-1298\" data-elementor-post-type=\"page\">\n\t\t\t\t\t\t<section class=\"elementor-section elementor-top-section elementor-element elementor-element-4bcc41d elementor-section-boxed elementor-section-height-default elementor-section-height-default\" data-id=\"4bcc41d\" data-element_type=\"section\" data-e-type=\"section\">\n\t\t\t\t\t\t<div class=\"elementor-container elementor-column-gap-default\">\n\t\t\t\t\t<div class=\"elementor-column elementor-col-100 elementor-top-column elementor-element elementor-element-1421a6f\" data-id=\"1421a6f\" data-element_type=\"column\" data-e-type=\"column\">\n\t\t\t<div class=\"elementor-widget-wrap elementor-element-populated\">\n\t\t\t\t\t\t<div class=\"elementor-element elementor-element-ab2377c elementor-widget elementor-widget-heading\" data-id=\"ab2377c\" data-element_type=\"widget\" data-e-type=\"widget\" data-widget_type=\"heading.default\">\n\t\t\t\t<div class=\"elementor-widget-container\">\n\t\t\t\t\t<h1 class=\"elementor-heading-title elementor-size-default\">Integritetspolicy<\/h1>\t\t\t\t<\/div>\n\t\t\t\t<\/div>\n\t\t\t\t\t<\/div>\n\t\t<\/div>\n\t\t\t\t\t<\/div>\n\t\t<\/section>\n\t\t\t\t<section class=\"elementor-section elementor-top-section elementor-element elementor-element-663752e elementor-section-boxed elementor-section-height-default elementor-section-height-default\" data-id=\"663752e\" data-element_type=\"section\" data-e-type=\"section\">\n\t\t\t\t\t\t<div class=\"elementor-container elementor-column-gap-default\">\n\t\t\t\t\t<div class=\"elementor-column elementor-col-100 elementor-top-column elementor-element elementor-element-1476a9b\" data-id=\"1476a9b\" data-element_type=\"column\" data-e-type=\"column\">\n\t\t\t<div class=\"elementor-widget-wrap elementor-element-populated\">\n\t\t\t\t\t\t<div class=\"elementor-element elementor-element-746f615 elementor-widget elementor-widget-text-editor\" data-id=\"746f615\" data-element_type=\"widget\" data-e-type=\"widget\" data-widget_type=\"text-editor.default\">\n\t\t\t\t<div class=\"elementor-widget-container\">\n\t\t\t\t\t\t\t\t\t<p>Vi v\u00e4rnar om din integritet och str\u00e4var efter att skydda din personliga information. Denna policy f\u00f6rklarar hur vi samlar in, anv\u00e4nder och skyddar dina uppgifter n\u00e4r du anv\u00e4nder v\u00e5r webbplats.<\/p>\t\t\t\t\t\t\t\t<\/div>\n\t\t\t\t<\/div>\n\t\t\t\t<div class=\"elementor-element elementor-element-c34d6d1 elementor-widget elementor-widget-heading\" data-id=\"c34d6d1\" data-element_type=\"widget\" data-e-type=\"widget\" data-widget_type=\"heading.default\">\n\t\t\t\t<div class=\"elementor-widget-container\">\n\t\t\t\t\t<h2 class=\"elementor-heading-title elementor-size-default\">1. Insamling av information<\/h2>\t\t\t\t<\/div>\n\t\t\t\t<\/div>\n\t\t\t\t<div class=\"elementor-element elementor-element-1c0ad2e elementor-widget elementor-widget-text-editor\" data-id=\"1c0ad2e\" data-element_type=\"widget\" data-e-type=\"widget\" data-widget_type=\"text-editor.default\">\n\t\t\t\t<div class=\"elementor-widget-container\">\n\t\t\t\t\t\t\t\t\t<p>Vi samlar in personuppgifter, s\u00e5som namn och e-postadress, n\u00e4r du registrerar dig eller kontaktar oss via v\u00e5r webbplats. Vi kan ocks\u00e5 samla in teknisk information, s\u00e5som IP-adress och webbl\u00e4sartyp, f\u00f6r att f\u00f6rb\u00e4ttra anv\u00e4ndarupplevelsen.<\/p>\t\t\t\t\t\t\t\t<\/div>\n\t\t\t\t<\/div>\n\t\t\t\t<div class=\"elementor-element elementor-element-3822602 elementor-widget elementor-widget-heading\" data-id=\"3822602\" data-element_type=\"widget\" data-e-type=\"widget\" data-widget_type=\"heading.default\">\n\t\t\t\t<div class=\"elementor-widget-container\">\n\t\t\t\t\t<h2 class=\"elementor-heading-title elementor-size-default\">2. Anv\u00e4ndning av information\n<\/h2>\t\t\t\t<\/div>\n\t\t\t\t<\/div>\n\t\t\t\t<div class=\"elementor-element elementor-element-07e3001 elementor-widget elementor-widget-text-editor\" data-id=\"07e3001\" data-element_type=\"widget\" data-e-type=\"widget\" data-widget_type=\"text-editor.default\">\n\t\t\t\t<div class=\"elementor-widget-container\">\n\t\t\t\t\t\t\t\t\t<p>De uppgifter vi samlar in anv\u00e4nds f\u00f6r att tillhandah\u00e5lla v\u00e5ra tj\u00e4nster, svara p\u00e5 f\u00f6rfr\u00e5gningar och f\u00f6rb\u00e4ttra webbplatsens funktionalitet. Vi delar inte dina personuppgifter med tredje part utan ditt medgivande, f\u00f6rutom om det kr\u00e4vs enligt lag.<\/p>\t\t\t\t\t\t\t\t<\/div>\n\t\t\t\t<\/div>\n\t\t\t\t<div class=\"elementor-element elementor-element-fa4da9f elementor-widget elementor-widget-heading\" data-id=\"fa4da9f\" data-element_type=\"widget\" data-e-type=\"widget\" data-widget_type=\"heading.default\">\n\t\t\t\t<div class=\"elementor-widget-container\">\n\t\t\t\t\t<h2 class=\"elementor-heading-title elementor-size-default\">3. Cookies<\/h2>\t\t\t\t<\/div>\n\t\t\t\t<\/div>\n\t\t\t\t<div class=\"elementor-element elementor-element-f5c4b63 elementor-widget elementor-widget-text-editor\" data-id=\"f5c4b63\" data-element_type=\"widget\" data-e-type=\"widget\" data-widget_type=\"text-editor.default\">\n\t\t\t\t<div class=\"elementor-widget-container\">\n\t\t\t\t\t\t\t\t\t<p>Vi anv\u00e4nder cookies f\u00f6r att f\u00f6rb\u00e4ttra din anv\u00e4ndarupplevelse och analysera webbplatsens trafik. Genom att anv\u00e4nda v\u00e5r webbplats samtycker du till v\u00e5r anv\u00e4ndning av cookies. Du kan kontrollera cookies i dina webbl\u00e4sarinst\u00e4llningar.<\/p>\t\t\t\t\t\t\t\t<\/div>\n\t\t\t\t<\/div>\n\t\t\t\t<div class=\"elementor-element elementor-element-054cc42 elementor-widget elementor-widget-heading\" data-id=\"054cc42\" data-element_type=\"widget\" data-e-type=\"widget\" data-widget_type=\"heading.default\">\n\t\t\t\t<div class=\"elementor-widget-container\">\n\t\t\t\t\t<h2 class=\"elementor-heading-title elementor-size-default\">4. S\u00e4kerhet<\/h2>\t\t\t\t<\/div>\n\t\t\t\t<\/div>\n\t\t\t\t<div class=\"elementor-element elementor-element-e7bc41d elementor-widget elementor-widget-text-editor\" data-id=\"e7bc41d\" data-element_type=\"widget\" data-e-type=\"widget\" data-widget_type=\"text-editor.default\">\n\t\t\t\t<div class=\"elementor-widget-container\">\n\t\t\t\t\t\t\t\t\t<p>Vi vidtar l\u00e4mpliga tekniska och organisatoriska \u00e5tg\u00e4rder f\u00f6r att skydda dina personuppgifter fr\u00e5n obeh\u00f6rig \u00e5tkomst, f\u00f6rlust eller f\u00f6r\u00e4ndring.<\/p>\t\t\t\t\t\t\t\t<\/div>\n\t\t\t\t<\/div>\n\t\t\t\t<div class=\"elementor-element elementor-element-a3cb4b1 elementor-widget elementor-widget-heading\" data-id=\"a3cb4b1\" data-element_type=\"widget\" data-e-type=\"widget\" data-widget_type=\"heading.default\">\n\t\t\t\t<div class=\"elementor-widget-container\">\n\t\t\t\t\t<h2 class=\"elementor-heading-title elementor-size-default\">5. Ditt val<\/h2>\t\t\t\t<\/div>\n\t\t\t\t<\/div>\n\t\t\t\t<div class=\"elementor-element elementor-element-d76b1bd elementor-widget elementor-widget-text-editor\" data-id=\"d76b1bd\" data-element_type=\"widget\" data-e-type=\"widget\" data-widget_type=\"text-editor.default\">\n\t\t\t\t<div class=\"elementor-widget-container\">\n\t\t\t\t\t\t\t\t\t<p>Du har r\u00e4tt att beg\u00e4ra \u00e5tkomst till, r\u00e4tta eller radera dina personuppgifter. Om du har n\u00e5gra fr\u00e5gor om hur vi hanterar dina uppgifter, v\u00e4nligen kontakta oss.<\/p>\t\t\t\t\t\t\t\t<\/div>\n\t\t\t\t<\/div>\n\t\t\t\t<div class=\"elementor-element elementor-element-ceacd5e elementor-widget elementor-widget-heading\" data-id=\"ceacd5e\" data-element_type=\"widget\" data-e-type=\"widget\" data-widget_type=\"heading.default\">\n\t\t\t\t<div class=\"elementor-widget-container\">\n\t\t\t\t\t<h2 class=\"elementor-heading-title elementor-size-default\">6. \u00c4ndringar i policy<\/h2>\t\t\t\t<\/div>\n\t\t\t\t<\/div>\n\t\t\t\t<div class=\"elementor-element elementor-element-ab8e752 elementor-widget elementor-widget-text-editor\" data-id=\"ab8e752\" data-element_type=\"widget\" data-e-type=\"widget\" data-widget_type=\"text-editor.default\">\n\t\t\t\t<div class=\"elementor-widget-container\">\n\t\t\t\t\t\t\t\t\t<p>Vi f\u00f6rbeh\u00e5ller oss r\u00e4tten att uppdatera denna integritetspolicy vid behov. Eventuella \u00e4ndringar kommer att publiceras p\u00e5 denna sida.<\/p>\t\t\t\t\t\t\t\t<\/div>\n\t\t\t\t<\/div>\n\t\t\t\t<div class=\"elementor-element elementor-element-6b68e29 elementor-widget elementor-widget-spacer\" data-id=\"6b68e29\" data-element_type=\"widget\" data-e-type=\"widget\" data-widget_type=\"spacer.default\">\n\t\t\t\t<div class=\"elementor-widget-container\">\n\t\t\t\t\t\t\t<div class=\"elementor-spacer\">\n\t\t\t<div class=\"elementor-spacer-inner\"><\/div>\n\t\t<\/div>\n\t\t\t\t\t\t<\/div>\n\t\t\t\t<\/div>\n\t\t\t\t\t<\/div>\n\t\t<\/div>\n\t\t\t\t\t<\/div>\n\t\t<\/section>\n\t\t\t\t<\/div>\n\t\t","protected":false},"excerpt":{"rendered":"<p>Integritetspolicy Vi v\u00e4rnar om din integritet och str\u00e4var efter att skydda din personliga information. Denna policy f\u00f6rklarar hur vi samlar in, anv\u00e4nder och skyddar dina uppgifter n\u00e4r du anv\u00e4nder v\u00e5r webbplats. 1. Insamling av information Vi samlar in personuppgifter, s\u00e5som namn och e-postadress, n\u00e4r du registrerar dig eller kontaktar oss via v\u00e5r webbplats. Vi kan [&hellip;]<\/p>\n","protected":false},"author":1,"featured_media":0,"parent":0,"menu_order":0,"comment_status":"closed","ping_status":"closed","template":"","meta":{"footnotes":""},"class_list":["post-1298","page","type-page","status-publish","hentry"],"yoast_head":"<!-- This site is optimized with the Yoast SEO plugin v27.2 - https:\/\/yoast.com\/product\/yoast-seo-wordpress\/ -->\n<title>Privat Policy - Virkstugan<\/title>\n<meta name=\"robots\" content=\"index, follow, max-snippet:-1, max-image-preview:large, max-video-preview:-1\" \/>\n<link rel=\"canonical\" href=\"https:\/\/lina.gndev.se\/?page_id=1298\" \/>\n<meta property=\"og:locale\" content=\"sv_SE\" \/>\n<meta property=\"og:type\" content=\"article\" \/>\n<meta property=\"og:title\" content=\"Privat Policy - Virkstugan\" \/>\n<meta property=\"og:description\" content=\"Integritetspolicy Vi v\u00e4rnar om din integritet och str\u00e4var efter att skydda din personliga information. Denna policy f\u00f6rklarar hur vi samlar in, anv\u00e4nder och skyddar dina uppgifter n\u00e4r du anv\u00e4nder v\u00e5r webbplats. 1. Insamling av information Vi samlar in personuppgifter, s\u00e5som namn och e-postadress, n\u00e4r du registrerar dig eller kontaktar oss via v\u00e5r webbplats. Vi kan [&hellip;]\" \/>\n<meta property=\"og:url\" content=\"https:\/\/lina.gndev.se\/?page_id=1298\" \/>\n<meta property=\"og:site_name\" content=\"Virkstugan\" \/>\n<meta property=\"article:modified_time\" content=\"2024-12-12T12:09:31+00:00\" \/>\n<meta name=\"twitter:card\" content=\"summary_large_image\" \/>\n<meta name=\"twitter:label1\" content=\"Ber\u00e4knad l\u00e4stid\" \/>\n\t<meta name=\"twitter:data1\" content=\"2 minuter\" \/>\n<script type=\"application\/ld+json\" class=\"yoast-schema-graph\">{\"@context\":\"https:\/\/schema.org\",\"@graph\":[{\"@type\":\"WebPage\",\"@id\":\"https:\/\/lina.gndev.se\/?page_id=1298\",\"url\":\"https:\/\/lina.gndev.se\/?page_id=1298\",\"name\":\"Privat Policy - Virkstugan\",\"isPartOf\":{\"@id\":\"https:\/\/lina.gndev.se\/#website\"},\"datePublished\":\"2024-11-26T12:24:23+00:00\",\"dateModified\":\"2024-12-12T12:09:31+00:00\",\"breadcrumb\":{\"@id\":\"https:\/\/lina.gndev.se\/?page_id=1298#breadcrumb\"},\"inLanguage\":\"sv-SE\",\"potentialAction\":[{\"@type\":\"ReadAction\",\"target\":[\"https:\/\/lina.gndev.se\/?page_id=1298\"]}]},{\"@type\":\"BreadcrumbList\",\"@id\":\"https:\/\/lina.gndev.se\/?page_id=1298#breadcrumb\",\"itemListElement\":[{\"@type\":\"ListItem\",\"position\":1,\"name\":\"Home\",\"item\":\"https:\/\/lina.gndev.se\/\"},{\"@type\":\"ListItem\",\"position\":2,\"name\":\"Privat Policy\"}]},{\"@type\":\"WebSite\",\"@id\":\"https:\/\/lina.gndev.se\/#website\",\"url\":\"https:\/\/lina.gndev.se\/\",\"name\":\"lina\",\"description\":\"Labbmilj\u00f6\",\"publisher\":{\"@id\":\"https:\/\/lina.gndev.se\/#organization\"},\"potentialAction\":[{\"@type\":\"SearchAction\",\"target\":{\"@type\":\"EntryPoint\",\"urlTemplate\":\"https:\/\/lina.gndev.se\/?s={search_term_string}\"},\"query-input\":{\"@type\":\"PropertyValueSpecification\",\"valueRequired\":true,\"valueName\":\"search_term_string\"}}],\"inLanguage\":\"sv-SE\"},{\"@type\":\"Organization\",\"@id\":\"https:\/\/lina.gndev.se\/#organization\",\"name\":\"lina\",\"url\":\"https:\/\/lina.gndev.se\/\",\"logo\":{\"@type\":\"ImageObject\",\"inLanguage\":\"sv-SE\",\"@id\":\"https:\/\/lina.gndev.se\/#\/schema\/logo\/image\/\",\"url\":\"https:\/\/lina.gndev.se\/wp-content\/uploads\/2024\/11\/ikon-m-devis-versal.svg\",\"contentUrl\":\"https:\/\/lina.gndev.se\/wp-content\/uploads\/2024\/11\/ikon-m-devis-versal.svg\",\"width\":101,\"height\":24,\"caption\":\"lina\"},\"image\":{\"@id\":\"https:\/\/lina.gndev.se\/#\/schema\/logo\/image\/\"}}]}<\/script>\n<!-- \/ Yoast SEO plugin. -->","yoast_head_json":{"title":"Privat Policy - Virkstugan","robots":{"index":"index","follow":"follow","max-snippet":"max-snippet:-1","max-image-preview":"max-image-preview:large","max-video-preview":"max-video-preview:-1"},"canonical":"https:\/\/lina.gndev.se\/?page_id=1298","og_locale":"sv_SE","og_type":"article","og_title":"Privat Policy - Virkstugan","og_description":"Integritetspolicy Vi v\u00e4rnar om din integritet och str\u00e4var efter att skydda din personliga information. Denna policy f\u00f6rklarar hur vi samlar in, anv\u00e4nder och skyddar dina uppgifter n\u00e4r du anv\u00e4nder v\u00e5r webbplats. 1. Insamling av information Vi samlar in personuppgifter, s\u00e5som namn och e-postadress, n\u00e4r du registrerar dig eller kontaktar oss via v\u00e5r webbplats. Vi kan [&hellip;]","og_url":"https:\/\/lina.gndev.se\/?page_id=1298","og_site_name":"Virkstugan","article_modified_time":"2024-12-12T12:09:31+00:00","twitter_card":"summary_large_image","twitter_misc":{"Ber\u00e4knad l\u00e4stid":"2 minuter"},"schema":{"@context":"https:\/\/schema.org","@graph":[{"@type":"WebPage","@id":"https:\/\/lina.gndev.se\/?page_id=1298","url":"https:\/\/lina.gndev.se\/?page_id=1298","name":"Privat Policy - Virkstugan","isPartOf":{"@id":"https:\/\/lina.gndev.se\/#website"},"datePublished":"2024-11-26T12:24:23+00:00","dateModified":"2024-12-12T12:09:31+00:00","breadcrumb":{"@id":"https:\/\/lina.gndev.se\/?page_id=1298#breadcrumb"},"inLanguage":"sv-SE","potentialAction":[{"@type":"ReadAction","target":["https:\/\/lina.gndev.se\/?page_id=1298"]}]},{"@type":"BreadcrumbList","@id":"https:\/\/lina.gndev.se\/?page_id=1298#breadcrumb","itemListElement":[{"@type":"ListItem","position":1,"name":"Home","item":"https:\/\/lina.gndev.se\/"},{"@type":"ListItem","position":2,"name":"Privat Policy"}]},{"@type":"WebSite","@id":"https:\/\/lina.gndev.se\/#website","url":"https:\/\/lina.gndev.se\/","name":"lina","description":"Labbmilj\u00f6","publisher":{"@id":"https:\/\/lina.gndev.se\/#organization"},"potentialAction":[{"@type":"SearchAction","target":{"@type":"EntryPoint","urlTemplate":"https:\/\/lina.gndev.se\/?s={search_term_string}"},"query-input":{"@type":"PropertyValueSpecification","valueRequired":true,"valueName":"search_term_string"}}],"inLanguage":"sv-SE"},{"@type":"Organization","@id":"https:\/\/lina.gndev.se\/#organization","name":"lina","url":"https:\/\/lina.gndev.se\/","logo":{"@type":"ImageObject","inLanguage":"sv-SE","@id":"https:\/\/lina.gndev.se\/#\/schema\/logo\/image\/","url":"https:\/\/lina.gndev.se\/wp-content\/uploads\/2024\/11\/ikon-m-devis-versal.svg","contentUrl":"https:\/\/lina.gndev.se\/wp-content\/uploads\/2024\/11\/ikon-m-devis-versal.svg","width":101,"height":24,"caption":"lina"},"image":{"@id":"https:\/\/lina.gndev.se\/#\/schema\/logo\/image\/"}}]}},"_links":{"self":[{"href":"https:\/\/lina.gndev.se\/index.php?rest_route=\/wp\/v2\/pages\/1298","targetHints":{"allow":["GET"]}}],"collection":[{"href":"https:\/\/lina.gndev.se\/index.php?rest_route=\/wp\/v2\/pages"}],"about":[{"href":"https:\/\/lina.gndev.se\/index.php?rest_route=\/wp\/v2\/types\/page"}],"author":[{"embeddable":true,"href":"https:\/\/lina.gndev.se\/index.php?rest_route=\/wp\/v2\/users\/1"}],"replies":[{"embeddable":true,"href":"https:\/\/lina.gndev.se\/index.php?rest_route=%2Fwp%2Fv2%2Fcomments&post=1298"}],"version-history":[{"count":53,"href":"https:\/\/lina.gndev.se\/index.php?rest_route=\/wp\/v2\/pages\/1298\/revisions"}],"predecessor-version":[{"id":3477,"href":"https:\/\/lina.gndev.se\/index.php?rest_route=\/wp\/v2\/pages\/1298\/revisions\/3477"}],"wp:attachment":[{"href":"https:\/\/lina.gndev.se\/index.php?rest_route=%2Fwp%2Fv2%2Fmedia&parent=1298"}],"curies":[{"name":"wp","href":"https:\/\/api.w.org\/{rel}","templated":true}]}}