{"id":1549,"date":"2024-12-06T09:56:14","date_gmt":"2024-12-06T08:56:14","guid":{"rendered":"https:\/\/lina.gndev.se\/?page_id=1549"},"modified":"2024-12-12T12:59:37","modified_gmt":"2024-12-12T11:59:37","slug":"instruktioner","status":"publish","type":"page","link":"https:\/\/lina.gndev.se\/?page_id=1549","title":{"rendered":"Instruktioner"},"content":{"rendered":"\t\t<div data-elementor-type=\"wp-page\" data-elementor-id=\"1549\" class=\"elementor elementor-1549\" data-elementor-post-type=\"page\">\n\t\t\t\t\t\t<section class=\"elementor-section elementor-top-section elementor-element elementor-element-2d364f0 elementor-section-boxed elementor-section-height-default elementor-section-height-default\" data-id=\"2d364f0\" data-element_type=\"section\" data-e-type=\"section\">\n\t\t\t\t\t\t<div class=\"elementor-container elementor-column-gap-default\">\n\t\t\t\t\t<div class=\"elementor-column elementor-col-100 elementor-top-column elementor-element elementor-element-e5a3454\" data-id=\"e5a3454\" data-element_type=\"column\" data-e-type=\"column\">\n\t\t\t<div class=\"elementor-widget-wrap elementor-element-populated\">\n\t\t\t\t\t\t<div class=\"elementor-element elementor-element-f3d9ca6 elementor-widget elementor-widget-heading\" data-id=\"f3d9ca6\" data-element_type=\"widget\" data-e-type=\"widget\" data-widget_type=\"heading.default\">\n\t\t\t\t<div class=\"elementor-widget-container\">\n\t\t\t\t\t<h1 class=\"elementor-heading-title elementor-size-default\">Instruktioner<\/h1>\t\t\t\t<\/div>\n\t\t\t\t<\/div>\n\t\t\t\t<div class=\"elementor-element elementor-element-04b3501 elementor-grid-3 elementor-grid-tablet-2 elementor-grid-mobile-1 elementor-widget elementor-widget-loop-grid\" data-id=\"04b3501\" data-element_type=\"widget\" data-e-type=\"widget\" data-settings=\"{&quot;template_id&quot;:1685,&quot;_skin&quot;:&quot;post&quot;,&quot;columns&quot;:&quot;3&quot;,&quot;columns_tablet&quot;:&quot;2&quot;,&quot;columns_mobile&quot;:&quot;1&quot;,&quot;edit_handle_selector&quot;:&quot;[data-elementor-type=\\&quot;loop-item\\&quot;]&quot;,&quot;row_gap&quot;:{&quot;unit&quot;:&quot;px&quot;,&quot;size&quot;:&quot;&quot;,&quot;sizes&quot;:[]},&quot;row_gap_tablet&quot;:{&quot;unit&quot;:&quot;px&quot;,&quot;size&quot;:&quot;&quot;,&quot;sizes&quot;:[]},&quot;row_gap_mobile&quot;:{&quot;unit&quot;:&quot;px&quot;,&quot;size&quot;:&quot;&quot;,&quot;sizes&quot;:[]}}\" data-widget_type=\"loop-grid.post\">\n\t\t\t\t<div class=\"elementor-widget-container\">\n\t\t\t\t\t\t\t<div class=\"elementor-loop-container elementor-grid\" role=\"list\">\n\t\t<style id=\"loop-1685\">.elementor-1685 .elementor-element.elementor-element-1a96eae .elementor-cta__content{min-height:30vh;text-align:start;padding:10% 1% 1% 1%;}.elementor-1685 .elementor-element.elementor-element-1a96eae .elementor-cta__bg-wrapper{min-height:30vh;}.elementor-1685 .elementor-element.elementor-element-1a96eae .elementor-cta__title{font-family:var( --e-global-typography-f1ca1e5-font-family ), Sans-serif;font-size:var( --e-global-typography-f1ca1e5-font-size );font-weight:var( --e-global-typography-f1ca1e5-font-weight );line-height:var( --e-global-typography-f1ca1e5-line-height );letter-spacing:var( --e-global-typography-f1ca1e5-letter-spacing );word-spacing:var( --e-global-typography-f1ca1e5-word-spacing );color:var( --e-global-color-primary );}.elementor-1685 .elementor-element.elementor-element-1a96eae .elementor-cta__title:not(:last-child){margin-bottom:1em;}.elementor-1685 .elementor-element.elementor-element-1a96eae .elementor-cta__button{color:var( --e-global-color-secondary );background-color:var( --e-global-color-primary );border-color:var( --e-global-color-998a6eb );padding:5px 10px 5px 10px;}.elementor-1685 .elementor-element.elementor-element-1a96eae .elementor-cta__button:hover{color:var( --e-global-color-primary );background-color:var( --e-global-color-secondary );border-color:var( --e-global-color-998a6eb );}.elementor-1685 .elementor-element.elementor-element-1a96eae .elementor-cta:not(:hover) .elementor-cta__bg-overlay{background-color:#F8EDE366;}.elementor-1685 .elementor-element.elementor-element-1a96eae .elementor-cta:hover .elementor-cta__bg-overlay{background-color:#322C2B91;}.elementor-1685 .elementor-element.elementor-element-1a96eae .elementor-cta .elementor-cta__bg, .elementor-1685 .elementor-element.elementor-element-1a96eae .elementor-cta .elementor-cta__bg-overlay{transition-duration:1500ms;}.elementor-1685 .elementor-element.elementor-element-5b196ed .elementor-icon-list-icon i{color:var( --e-global-color-text );font-size:15px;}.elementor-1685 .elementor-element.elementor-element-5b196ed .elementor-icon-list-icon svg{fill:var( --e-global-color-text );--e-icon-list-icon-size:15px;}.elementor-1685 .elementor-element.elementor-element-5b196ed .elementor-icon-list-icon{width:15px;}.elementor-1685 .elementor-element.elementor-element-5b196ed .elementor-icon-list-text, .elementor-1685 .elementor-element.elementor-element-5b196ed .elementor-icon-list-text a{color:var( --e-global-color-primary );}.elementor-1685 .elementor-element.elementor-element-5b196ed .elementor-icon-list-item{font-family:var( --e-global-typography-text-font-family ), Sans-serif;font-size:var( --e-global-typography-text-font-size );font-weight:var( --e-global-typography-text-font-weight );letter-spacing:var( --e-global-typography-text-letter-spacing );}@media(max-width:1024px){.elementor-1685 .elementor-element.elementor-element-1a96eae .elementor-cta__title{font-size:var( --e-global-typography-f1ca1e5-font-size );line-height:var( --e-global-typography-f1ca1e5-line-height );letter-spacing:var( --e-global-typography-f1ca1e5-letter-spacing );word-spacing:var( --e-global-typography-f1ca1e5-word-spacing );}.elementor-1685 .elementor-element.elementor-element-5b196ed .elementor-icon-list-item{font-size:var( --e-global-typography-text-font-size );letter-spacing:var( --e-global-typography-text-letter-spacing );}}@media(max-width:767px){.elementor-1685 .elementor-element.elementor-element-1a96eae .elementor-cta__content{min-height:30vh;}.elementor-1685 .elementor-element.elementor-element-1a96eae .elementor-cta__bg-wrapper{min-height:20vh;}.elementor-1685 .elementor-element.elementor-element-1a96eae .elementor-cta__title{font-size:var( --e-global-typography-f1ca1e5-font-size );line-height:var( --e-global-typography-f1ca1e5-line-height );letter-spacing:var( --e-global-typography-f1ca1e5-letter-spacing );word-spacing:var( --e-global-typography-f1ca1e5-word-spacing );}.elementor-1685 .elementor-element.elementor-element-5b196ed .elementor-icon-list-item{font-size:var( --e-global-typography-text-font-size );letter-spacing:var( --e-global-typography-text-letter-spacing );}}<\/style>\t\t<div data-elementor-type=\"loop-item\" data-elementor-id=\"1685\" class=\"elementor elementor-1685 e-loop-item e-loop-item-2366 post-2366 post type-post status-publish format-standard has-post-thumbnail hentry category-instruktioner tag-instruktioner\" data-elementor-post-type=\"elementor_library\" data-custom-edit-handle=\"1\">\n\t\t\t\t\t<section class=\"elementor-section elementor-top-section elementor-element elementor-element-e3a377a elementor-section-boxed elementor-section-height-default elementor-section-height-default\" data-id=\"e3a377a\" data-element_type=\"section\" data-e-type=\"section\">\n\t\t\t\t\t\t<div class=\"elementor-container elementor-column-gap-default\">\n\t\t\t\t\t<div class=\"elementor-column elementor-col-100 elementor-top-column elementor-element elementor-element-2cc8caf\" data-id=\"2cc8caf\" data-element_type=\"column\" data-e-type=\"column\">\n\t\t\t<div class=\"elementor-widget-wrap elementor-element-populated\">\n\t\t\t\t\t\t<div class=\"elementor-element elementor-element-1a96eae elementor-cta--layout-image-above elementor-cta--valign-top elementor-cta--skin-classic elementor-animated-content elementor-bg-transform elementor-bg-transform-zoom-in elementor-widget elementor-widget-call-to-action\" data-id=\"1a96eae\" data-element_type=\"widget\" data-e-type=\"widget\" data-widget_type=\"call-to-action.default\">\n\t\t\t\t<div class=\"elementor-widget-container\">\n\t\t\t\t\t\t\t<div class=\"elementor-cta\">\n\t\t\t\t\t<div class=\"elementor-cta__bg-wrapper\">\n\t\t\t\t<div class=\"elementor-cta__bg elementor-bg\" style=\"background-image: url(https:\/\/lina.gndev.se\/wp-content\/uploads\/2024\/12\/crochet-4649270_1280_4_11zon_17_11zon-e1734077829227.webp);\" role=\"img\" aria-label=\"Tv\u00e5 mormorsrutor som ligger i en korg med garnnystan\"><\/div>\n\t\t\t\t<div class=\"elementor-cta__bg-overlay\"><\/div>\n\t\t\t<\/div>\n\t\t\t\t\t\t\t<div class=\"elementor-cta__content\">\n\t\t\t\t\n\t\t\t\t\t\t\t\t\t<h3 class=\"elementor-cta__title elementor-cta__content-item elementor-content-item\">\n\t\t\t\t\t\tMormorsruta\t\t\t\t\t<\/h3>\n\t\t\t\t\n\t\t\t\t\n\t\t\t\t\t\t\t\t\t<div class=\"elementor-cta__button-wrapper elementor-cta__content-item elementor-content-item \">\n\t\t\t\t\t<a class=\"elementor-cta__button elementor-button elementor-size-\" href=\"https:\/\/lina.gndev.se\/?p=2366\" aria-label=\"l\u00e4s hela inl\u00e4gget\">\n\t\t\t\t\t\tL\u00e4s mer\t\t\t\t\t<\/a>\n\t\t\t\t\t<\/div>\n\t\t\t\t\t\t\t<\/div>\n\t\t\t\t\t\t<\/div>\n\t\t\t\t\t\t<\/div>\n\t\t\t\t<\/div>\n\t\t\t\t<div class=\"elementor-element elementor-element-5b196ed elementor-widget elementor-widget-post-info\" data-id=\"5b196ed\" data-element_type=\"widget\" data-e-type=\"widget\" data-widget_type=\"post-info.default\">\n\t\t\t\t<div class=\"elementor-widget-container\">\n\t\t\t\t\t\t\t<ul class=\"elementor-inline-items elementor-icon-list-items elementor-post-info\">\n\t\t\t\t\t\t\t\t<li class=\"elementor-icon-list-item elementor-repeater-item-a9a6cd8 elementor-inline-item\" itemprop=\"author\">\n\t\t\t\t\t\t<a href=\"https:\/\/lina.gndev.se\/?author=1\">\n\t\t\t\t\t\t\t\t\t\t\t<span class=\"elementor-icon-list-icon\">\n\t\t\t\t\t\t\t\t<i aria-hidden=\"true\" class=\"far fa-user-circle\"><\/i>\t\t\t\t\t\t\t<\/span>\n\t\t\t\t\t\t\t\t\t<span class=\"elementor-icon-list-text elementor-post-info__item elementor-post-info__item--type-author\">\n\t\t\t\t\t\t\t\t\t\tadmin\t\t\t\t\t<\/span>\n\t\t\t\t\t\t\t\t\t<\/a>\n\t\t\t\t<\/li>\n\t\t\t\t<li class=\"elementor-icon-list-item elementor-repeater-item-0a10e5f elementor-inline-item\" itemprop=\"datePublished\">\n\t\t\t\t\t\t<a href=\"https:\/\/lina.gndev.se\/?m=20241210\">\n\t\t\t\t\t\t\t\t\t\t\t<span class=\"elementor-icon-list-icon\">\n\t\t\t\t\t\t\t\t<i aria-hidden=\"true\" class=\"fas fa-calendar\"><\/i>\t\t\t\t\t\t\t<\/span>\n\t\t\t\t\t\t\t\t\t<span class=\"elementor-icon-list-text elementor-post-info__item elementor-post-info__item--type-date\">\n\t\t\t\t\t\t\t\t\t\t<time>december 10, 2024<\/time>\t\t\t\t\t<\/span>\n\t\t\t\t\t\t\t\t\t<\/a>\n\t\t\t\t<\/li>\n\t\t\t\t<li class=\"elementor-icon-list-item elementor-repeater-item-235c910 elementor-inline-item\">\n\t\t\t\t\t\t\t\t\t\t<span class=\"elementor-icon-list-icon\">\n\t\t\t\t\t\t\t\t<i aria-hidden=\"true\" class=\"far fa-clock\"><\/i>\t\t\t\t\t\t\t<\/span>\n\t\t\t\t\t\t\t\t\t<span class=\"elementor-icon-list-text elementor-post-info__item elementor-post-info__item--type-time\">\n\t\t\t\t\t\t\t\t\t\t<time>9:21 f m<\/time>\t\t\t\t\t<\/span>\n\t\t\t\t\t\t\t\t<\/li>\n\t\t\t\t<li class=\"elementor-icon-list-item elementor-repeater-item-6183b29 elementor-inline-item\" itemprop=\"commentCount\">\n\t\t\t\t\t\t<a href=\"https:\/\/lina.gndev.se\/?p=2366#respond\">\n\t\t\t\t\t\t\t\t\t\t\t<span class=\"elementor-icon-list-icon\">\n\t\t\t\t\t\t\t\t<i aria-hidden=\"true\" class=\"far fa-comment-dots\"><\/i>\t\t\t\t\t\t\t<\/span>\n\t\t\t\t\t\t\t\t\t<span class=\"elementor-icon-list-text elementor-post-info__item elementor-post-info__item--type-comments\">\n\t\t\t\t\t\t\t\t\t\tInga kommentarer\t\t\t\t\t<\/span>\n\t\t\t\t\t\t\t\t\t<\/a>\n\t\t\t\t<\/li>\n\t\t\t\t<\/ul>\n\t\t\t\t\t\t<\/div>\n\t\t\t\t<\/div>\n\t\t\t\t\t<\/div>\n\t\t<\/div>\n\t\t\t\t\t<\/div>\n\t\t<\/section>\n\t\t\t\t<\/div>\n\t\t\t\t<div data-elementor-type=\"loop-item\" data-elementor-id=\"1685\" class=\"elementor elementor-1685 e-loop-item e-loop-item-1907 post-1907 post type-post status-publish format-standard has-post-thumbnail hentry category-instruktioner tag-instruktioner\" data-elementor-post-type=\"elementor_library\" data-custom-edit-handle=\"1\">\n\t\t\t\t\t<section class=\"elementor-section elementor-top-section elementor-element elementor-element-e3a377a elementor-section-boxed elementor-section-height-default elementor-section-height-default\" data-id=\"e3a377a\" data-element_type=\"section\" data-e-type=\"section\">\n\t\t\t\t\t\t<div class=\"elementor-container elementor-column-gap-default\">\n\t\t\t\t\t<div class=\"elementor-column elementor-col-100 elementor-top-column elementor-element elementor-element-2cc8caf\" data-id=\"2cc8caf\" data-element_type=\"column\" data-e-type=\"column\">\n\t\t\t<div class=\"elementor-widget-wrap elementor-element-populated\">\n\t\t\t\t\t\t<div class=\"elementor-element elementor-element-1a96eae elementor-cta--layout-image-above elementor-cta--valign-top elementor-cta--skin-classic elementor-animated-content elementor-bg-transform elementor-bg-transform-zoom-in elementor-widget elementor-widget-call-to-action\" data-id=\"1a96eae\" data-element_type=\"widget\" data-e-type=\"widget\" data-widget_type=\"call-to-action.default\">\n\t\t\t\t<div class=\"elementor-widget-container\">\n\t\t\t\t\t\t\t<div class=\"elementor-cta\">\n\t\t\t\t\t<div class=\"elementor-cta__bg-wrapper\">\n\t\t\t\t<div class=\"elementor-cta__bg elementor-bg\" style=\"background-image: url(https:\/\/lina.gndev.se\/wp-content\/uploads\/2024\/12\/yarn-7162983_1280_11_11zon_12_11zon-e1734077428463.webp);\" role=\"img\" aria-label=\"En virkad gr\u00f6n sjal ligger ihopvikt p\u00e5 en tr\u00e4b\u00e4nk, med ett garnnystan i samma f\u00e4rg som ligger ovanp\u00e5.\"><\/div>\n\t\t\t\t<div class=\"elementor-cta__bg-overlay\"><\/div>\n\t\t\t<\/div>\n\t\t\t\t\t\t\t<div class=\"elementor-cta__content\">\n\t\t\t\t\n\t\t\t\t\t\t\t\t\t<h3 class=\"elementor-cta__title elementor-cta__content-item elementor-content-item\">\n\t\t\t\t\t\tVirkad sjal\t\t\t\t\t<\/h3>\n\t\t\t\t\n\t\t\t\t\n\t\t\t\t\t\t\t\t\t<div class=\"elementor-cta__button-wrapper elementor-cta__content-item elementor-content-item \">\n\t\t\t\t\t<a class=\"elementor-cta__button elementor-button elementor-size-\" href=\"https:\/\/lina.gndev.se\/?p=1907\" aria-label=\"l\u00e4s hela inl\u00e4gget\">\n\t\t\t\t\t\tL\u00e4s mer\t\t\t\t\t<\/a>\n\t\t\t\t\t<\/div>\n\t\t\t\t\t\t\t<\/div>\n\t\t\t\t\t\t<\/div>\n\t\t\t\t\t\t<\/div>\n\t\t\t\t<\/div>\n\t\t\t\t<div class=\"elementor-element elementor-element-5b196ed elementor-widget elementor-widget-post-info\" data-id=\"5b196ed\" data-element_type=\"widget\" data-e-type=\"widget\" data-widget_type=\"post-info.default\">\n\t\t\t\t<div class=\"elementor-widget-container\">\n\t\t\t\t\t\t\t<ul class=\"elementor-inline-items elementor-icon-list-items elementor-post-info\">\n\t\t\t\t\t\t\t\t<li class=\"elementor-icon-list-item elementor-repeater-item-a9a6cd8 elementor-inline-item\" itemprop=\"author\">\n\t\t\t\t\t\t<a href=\"https:\/\/lina.gndev.se\/?author=1\">\n\t\t\t\t\t\t\t\t\t\t\t<span class=\"elementor-icon-list-icon\">\n\t\t\t\t\t\t\t\t<i aria-hidden=\"true\" class=\"far fa-user-circle\"><\/i>\t\t\t\t\t\t\t<\/span>\n\t\t\t\t\t\t\t\t\t<span class=\"elementor-icon-list-text elementor-post-info__item elementor-post-info__item--type-author\">\n\t\t\t\t\t\t\t\t\t\tadmin\t\t\t\t\t<\/span>\n\t\t\t\t\t\t\t\t\t<\/a>\n\t\t\t\t<\/li>\n\t\t\t\t<li class=\"elementor-icon-list-item elementor-repeater-item-0a10e5f elementor-inline-item\" itemprop=\"datePublished\">\n\t\t\t\t\t\t<a href=\"https:\/\/lina.gndev.se\/?m=20241209\">\n\t\t\t\t\t\t\t\t\t\t\t<span class=\"elementor-icon-list-icon\">\n\t\t\t\t\t\t\t\t<i aria-hidden=\"true\" class=\"fas fa-calendar\"><\/i>\t\t\t\t\t\t\t<\/span>\n\t\t\t\t\t\t\t\t\t<span class=\"elementor-icon-list-text elementor-post-info__item elementor-post-info__item--type-date\">\n\t\t\t\t\t\t\t\t\t\t<time>december 9, 2024<\/time>\t\t\t\t\t<\/span>\n\t\t\t\t\t\t\t\t\t<\/a>\n\t\t\t\t<\/li>\n\t\t\t\t<li class=\"elementor-icon-list-item elementor-repeater-item-235c910 elementor-inline-item\">\n\t\t\t\t\t\t\t\t\t\t<span class=\"elementor-icon-list-icon\">\n\t\t\t\t\t\t\t\t<i aria-hidden=\"true\" class=\"far fa-clock\"><\/i>\t\t\t\t\t\t\t<\/span>\n\t\t\t\t\t\t\t\t\t<span class=\"elementor-icon-list-text elementor-post-info__item elementor-post-info__item--type-time\">\n\t\t\t\t\t\t\t\t\t\t<time>10:39 f m<\/time>\t\t\t\t\t<\/span>\n\t\t\t\t\t\t\t\t<\/li>\n\t\t\t\t<li class=\"elementor-icon-list-item elementor-repeater-item-6183b29 elementor-inline-item\" itemprop=\"commentCount\">\n\t\t\t\t\t\t<a href=\"https:\/\/lina.gndev.se\/?p=1907#respond\">\n\t\t\t\t\t\t\t\t\t\t\t<span class=\"elementor-icon-list-icon\">\n\t\t\t\t\t\t\t\t<i aria-hidden=\"true\" class=\"far fa-comment-dots\"><\/i>\t\t\t\t\t\t\t<\/span>\n\t\t\t\t\t\t\t\t\t<span class=\"elementor-icon-list-text elementor-post-info__item elementor-post-info__item--type-comments\">\n\t\t\t\t\t\t\t\t\t\tInga kommentarer\t\t\t\t\t<\/span>\n\t\t\t\t\t\t\t\t\t<\/a>\n\t\t\t\t<\/li>\n\t\t\t\t<\/ul>\n\t\t\t\t\t\t<\/div>\n\t\t\t\t<\/div>\n\t\t\t\t\t<\/div>\n\t\t<\/div>\n\t\t\t\t\t<\/div>\n\t\t<\/section>\n\t\t\t\t<\/div>\n\t\t\t\t<\/div>\n\t\t\n\t\t\t\t\t\t<\/div>\n\t\t\t\t<\/div>\n\t\t\t\t\t<\/div>\n\t\t<\/div>\n\t\t\t\t\t<\/div>\n\t\t<\/section>\n\t\t\t\t<\/div>\n\t\t","protected":false},"excerpt":{"rendered":"<p>Instruktioner<\/p>\n","protected":false},"author":1,"featured_media":0,"parent":0,"menu_order":0,"comment_status":"closed","ping_status":"closed","template":"","meta":{"footnotes":""},"class_list":["post-1549","page","type-page","status-publish","hentry"],"yoast_head":"<!-- This site is optimized with the Yoast SEO plugin v27.2 - https:\/\/yoast.com\/product\/yoast-seo-wordpress\/ -->\n<title>Instruktioner - Virkstugan<\/title>\n<meta name=\"robots\" content=\"index, follow, max-snippet:-1, max-image-preview:large, max-video-preview:-1\" \/>\n<link rel=\"canonical\" href=\"https:\/\/lina.gndev.se\/?page_id=1549\" \/>\n<meta property=\"og:locale\" content=\"sv_SE\" \/>\n<meta property=\"og:type\" content=\"article\" \/>\n<meta property=\"og:title\" content=\"Instruktioner - Virkstugan\" \/>\n<meta property=\"og:description\" content=\"Instruktioner\" \/>\n<meta property=\"og:url\" content=\"https:\/\/lina.gndev.se\/?page_id=1549\" \/>\n<meta property=\"og:site_name\" content=\"Virkstugan\" \/>\n<meta property=\"article:modified_time\" content=\"2024-12-12T11:59:37+00:00\" \/>\n<meta name=\"twitter:card\" content=\"summary_large_image\" \/>\n<meta name=\"twitter:label1\" content=\"Ber\u00e4knad l\u00e4stid\" \/>\n\t<meta name=\"twitter:data1\" content=\"1 minut\" \/>\n<script type=\"application\/ld+json\" class=\"yoast-schema-graph\">{\"@context\":\"https:\/\/schema.org\",\"@graph\":[{\"@type\":\"WebPage\",\"@id\":\"https:\/\/lina.gndev.se\/?page_id=1549\",\"url\":\"https:\/\/lina.gndev.se\/?page_id=1549\",\"name\":\"Instruktioner - Virkstugan\",\"isPartOf\":{\"@id\":\"https:\/\/lina.gndev.se\/#website\"},\"datePublished\":\"2024-12-06T08:56:14+00:00\",\"dateModified\":\"2024-12-12T11:59:37+00:00\",\"breadcrumb\":{\"@id\":\"https:\/\/lina.gndev.se\/?page_id=1549#breadcrumb\"},\"inLanguage\":\"sv-SE\",\"potentialAction\":[{\"@type\":\"ReadAction\",\"target\":[\"https:\/\/lina.gndev.se\/?page_id=1549\"]}]},{\"@type\":\"BreadcrumbList\",\"@id\":\"https:\/\/lina.gndev.se\/?page_id=1549#breadcrumb\",\"itemListElement\":[{\"@type\":\"ListItem\",\"position\":1,\"name\":\"Home\",\"item\":\"https:\/\/lina.gndev.se\/\"},{\"@type\":\"ListItem\",\"position\":2,\"name\":\"Instruktioner\"}]},{\"@type\":\"WebSite\",\"@id\":\"https:\/\/lina.gndev.se\/#website\",\"url\":\"https:\/\/lina.gndev.se\/\",\"name\":\"lina\",\"description\":\"Labbmilj\u00f6\",\"publisher\":{\"@id\":\"https:\/\/lina.gndev.se\/#organization\"},\"potentialAction\":[{\"@type\":\"SearchAction\",\"target\":{\"@type\":\"EntryPoint\",\"urlTemplate\":\"https:\/\/lina.gndev.se\/?s={search_term_string}\"},\"query-input\":{\"@type\":\"PropertyValueSpecification\",\"valueRequired\":true,\"valueName\":\"search_term_string\"}}],\"inLanguage\":\"sv-SE\"},{\"@type\":\"Organization\",\"@id\":\"https:\/\/lina.gndev.se\/#organization\",\"name\":\"lina\",\"url\":\"https:\/\/lina.gndev.se\/\",\"logo\":{\"@type\":\"ImageObject\",\"inLanguage\":\"sv-SE\",\"@id\":\"https:\/\/lina.gndev.se\/#\/schema\/logo\/image\/\",\"url\":\"https:\/\/lina.gndev.se\/wp-content\/uploads\/2024\/11\/ikon-m-devis-versal.svg\",\"contentUrl\":\"https:\/\/lina.gndev.se\/wp-content\/uploads\/2024\/11\/ikon-m-devis-versal.svg\",\"width\":101,\"height\":24,\"caption\":\"lina\"},\"image\":{\"@id\":\"https:\/\/lina.gndev.se\/#\/schema\/logo\/image\/\"}}]}<\/script>\n<!-- \/ Yoast SEO plugin. -->","yoast_head_json":{"title":"Instruktioner - Virkstugan","robots":{"index":"index","follow":"follow","max-snippet":"max-snippet:-1","max-image-preview":"max-image-preview:large","max-video-preview":"max-video-preview:-1"},"canonical":"https:\/\/lina.gndev.se\/?page_id=1549","og_locale":"sv_SE","og_type":"article","og_title":"Instruktioner - Virkstugan","og_description":"Instruktioner","og_url":"https:\/\/lina.gndev.se\/?page_id=1549","og_site_name":"Virkstugan","article_modified_time":"2024-12-12T11:59:37+00:00","twitter_card":"summary_large_image","twitter_misc":{"Ber\u00e4knad l\u00e4stid":"1 minut"},"schema":{"@context":"https:\/\/schema.org","@graph":[{"@type":"WebPage","@id":"https:\/\/lina.gndev.se\/?page_id=1549","url":"https:\/\/lina.gndev.se\/?page_id=1549","name":"Instruktioner - Virkstugan","isPartOf":{"@id":"https:\/\/lina.gndev.se\/#website"},"datePublished":"2024-12-06T08:56:14+00:00","dateModified":"2024-12-12T11:59:37+00:00","breadcrumb":{"@id":"https:\/\/lina.gndev.se\/?page_id=1549#breadcrumb"},"inLanguage":"sv-SE","potentialAction":[{"@type":"ReadAction","target":["https:\/\/lina.gndev.se\/?page_id=1549"]}]},{"@type":"BreadcrumbList","@id":"https:\/\/lina.gndev.se\/?page_id=1549#breadcrumb","itemListElement":[{"@type":"ListItem","position":1,"name":"Home","item":"https:\/\/lina.gndev.se\/"},{"@type":"ListItem","position":2,"name":"Instruktioner"}]},{"@type":"WebSite","@id":"https:\/\/lina.gndev.se\/#website","url":"https:\/\/lina.gndev.se\/","name":"lina","description":"Labbmilj\u00f6","publisher":{"@id":"https:\/\/lina.gndev.se\/#organization"},"potentialAction":[{"@type":"SearchAction","target":{"@type":"EntryPoint","urlTemplate":"https:\/\/lina.gndev.se\/?s={search_term_string}"},"query-input":{"@type":"PropertyValueSpecification","valueRequired":true,"valueName":"search_term_string"}}],"inLanguage":"sv-SE"},{"@type":"Organization","@id":"https:\/\/lina.gndev.se\/#organization","name":"lina","url":"https:\/\/lina.gndev.se\/","logo":{"@type":"ImageObject","inLanguage":"sv-SE","@id":"https:\/\/lina.gndev.se\/#\/schema\/logo\/image\/","url":"https:\/\/lina.gndev.se\/wp-content\/uploads\/2024\/11\/ikon-m-devis-versal.svg","contentUrl":"https:\/\/lina.gndev.se\/wp-content\/uploads\/2024\/11\/ikon-m-devis-versal.svg","width":101,"height":24,"caption":"lina"},"image":{"@id":"https:\/\/lina.gndev.se\/#\/schema\/logo\/image\/"}}]}},"_links":{"self":[{"href":"https:\/\/lina.gndev.se\/index.php?rest_route=\/wp\/v2\/pages\/1549","targetHints":{"allow":["GET"]}}],"collection":[{"href":"https:\/\/lina.gndev.se\/index.php?rest_route=\/wp\/v2\/pages"}],"about":[{"href":"https:\/\/lina.gndev.se\/index.php?rest_route=\/wp\/v2\/types\/page"}],"author":[{"embeddable":true,"href":"https:\/\/lina.gndev.se\/index.php?rest_route=\/wp\/v2\/users\/1"}],"replies":[{"embeddable":true,"href":"https:\/\/lina.gndev.se\/index.php?rest_route=%2Fwp%2Fv2%2Fcomments&post=1549"}],"version-history":[{"count":74,"href":"https:\/\/lina.gndev.se\/index.php?rest_route=\/wp\/v2\/pages\/1549\/revisions"}],"predecessor-version":[{"id":3438,"href":"https:\/\/lina.gndev.se\/index.php?rest_route=\/wp\/v2\/pages\/1549\/revisions\/3438"}],"wp:attachment":[{"href":"https:\/\/lina.gndev.se\/index.php?rest_route=%2Fwp%2Fv2%2Fmedia&parent=1549"}],"curies":[{"name":"wp","href":"https:\/\/api.w.org\/{rel}","templated":true}]}}