{"id":908,"date":"2024-11-20T09:08:07","date_gmt":"2024-11-20T08:08:07","guid":{"rendered":"https:\/\/lina.gndev.se\/?page_id=908"},"modified":"2025-06-17T22:15:47","modified_gmt":"2025-06-17T21:15:47","slug":"kontakt","status":"publish","type":"page","link":"https:\/\/lina.gndev.se\/?page_id=908","title":{"rendered":"Om oss"},"content":{"rendered":"\t\t<div data-elementor-type=\"wp-page\" data-elementor-id=\"908\" class=\"elementor elementor-908\" data-elementor-post-type=\"page\">\n\t\t\t\t\t\t<section class=\"elementor-section elementor-top-section elementor-element elementor-element-6048ec0 elementor-section-boxed elementor-section-height-default elementor-section-height-default\" data-id=\"6048ec0\" data-element_type=\"section\" data-e-type=\"section\">\n\t\t\t\t\t\t<div class=\"elementor-container elementor-column-gap-default\">\n\t\t\t\t\t<div class=\"elementor-column elementor-col-100 elementor-top-column elementor-element elementor-element-14b0fdc\" data-id=\"14b0fdc\" data-element_type=\"column\" data-e-type=\"column\">\n\t\t\t<div class=\"elementor-widget-wrap elementor-element-populated\">\n\t\t\t\t\t\t<div class=\"elementor-element elementor-element-9bb76eb elementor-widget elementor-widget-heading\" data-id=\"9bb76eb\" data-element_type=\"widget\" data-e-type=\"widget\" data-widget_type=\"heading.default\">\n\t\t\t\t<div class=\"elementor-widget-container\">\n\t\t\t\t\t<h1 class=\"elementor-heading-title elementor-size-default\">Med hj\u00e4rtat sen 2017<\/h1>\t\t\t\t<\/div>\n\t\t\t\t<\/div>\n\t\t\t\t<div class=\"elementor-element elementor-element-ae86c82 elementor-widget-tablet__width-inherit elementor-widget elementor-widget-spacer\" data-id=\"ae86c82\" data-element_type=\"widget\" data-e-type=\"widget\" data-widget_type=\"spacer.default\">\n\t\t\t\t<div class=\"elementor-widget-container\">\n\t\t\t\t\t\t\t<div class=\"elementor-spacer\">\n\t\t\t<div class=\"elementor-spacer-inner\"><\/div>\n\t\t<\/div>\n\t\t\t\t\t\t<\/div>\n\t\t\t\t<\/div>\n\t\t\t\t\t<\/div>\n\t\t<\/div>\n\t\t\t\t\t<\/div>\n\t\t<\/section>\n\t\t\t\t<section class=\"elementor-section elementor-top-section elementor-element elementor-element-42944e3 elementor-section-boxed elementor-section-height-default elementor-section-height-default\" data-id=\"42944e3\" data-element_type=\"section\" data-e-type=\"section\">\n\t\t\t\t\t\t<div class=\"elementor-container elementor-column-gap-default\">\n\t\t\t\t\t<div class=\"elementor-column elementor-col-100 elementor-top-column elementor-element elementor-element-16e2ca8\" data-id=\"16e2ca8\" data-element_type=\"column\" data-e-type=\"column\">\n\t\t\t<div class=\"elementor-widget-wrap elementor-element-populated\">\n\t\t\t\t\t\t<div class=\"elementor-element elementor-element-63d228a elementor-widget elementor-widget-spacer\" data-id=\"63d228a\" data-element_type=\"widget\" data-e-type=\"widget\" data-widget_type=\"spacer.default\">\n\t\t\t\t<div class=\"elementor-widget-container\">\n\t\t\t\t\t\t\t<div class=\"elementor-spacer\">\n\t\t\t<div class=\"elementor-spacer-inner\"><\/div>\n\t\t<\/div>\n\t\t\t\t\t\t<\/div>\n\t\t\t\t<\/div>\n\t\t\t\t\t<\/div>\n\t\t<\/div>\n\t\t\t\t\t<\/div>\n\t\t<\/section>\n\t\t\t\t<section class=\"elementor-section elementor-top-section elementor-element elementor-element-229fafd elementor-section-boxed elementor-section-height-default elementor-section-height-default\" data-id=\"229fafd\" data-element_type=\"section\" data-e-type=\"section\">\n\t\t\t\t\t\t<div class=\"elementor-container elementor-column-gap-default\">\n\t\t\t\t\t<div class=\"elementor-column elementor-col-50 elementor-top-column elementor-element elementor-element-8780a7a\" data-id=\"8780a7a\" data-element_type=\"column\" data-e-type=\"column\">\n\t\t\t<div class=\"elementor-widget-wrap elementor-element-populated\">\n\t\t\t\t\t\t<div class=\"elementor-element elementor-element-0faa4a8 elementor-widget elementor-widget-heading\" data-id=\"0faa4a8\" data-element_type=\"widget\" data-e-type=\"widget\" data-widget_type=\"heading.default\">\n\t\t\t\t<div class=\"elementor-widget-container\">\n\t\t\t\t\t<h2 class=\"elementor-heading-title elementor-size-default\">Tv\u00e5 systrar med en brinnande passion f\u00f6r virkning<\/h2>\t\t\t\t<\/div>\n\t\t\t\t<\/div>\n\t\t\t\t<div class=\"elementor-element elementor-element-727ee73 elementor-widget elementor-widget-text-editor\" data-id=\"727ee73\" data-element_type=\"widget\" data-e-type=\"widget\" data-widget_type=\"text-editor.default\">\n\t\t\t\t<div class=\"elementor-widget-container\">\n\t\t\t\t\t\t\t\t\t<p>Vi \u00e4r tv\u00e5 systrar som alltid har haft en stark passion f\u00f6r skapande och hantverk. V\u00e5r resa b\u00f6rjade tidigt, n\u00e4r vi som barn satt tillsammans och virkade i timmar. Fr\u00e5n enkla sm\u00e5 projekt till mer avancerade verk, har virkning alltid varit en gemensam gl\u00e4dje f\u00f6r oss. Det var denna passion som f\u00f6rde oss samman och inspirerade oss att starta v\u00e5r egen virkshop.<\/p><p>V\u00e5r vision med sidan \u00e4r att sprida gl\u00e4djen och kreativiteten som virkning kan ge, och vi vill g\u00f6ra det p\u00e5 ett s\u00e4tt som k\u00e4nns personligt och tillg\u00e4ngligt f\u00f6r alla. Vi tror att hantverk \u00e4r n\u00e5got som f\u00f6r m\u00e4nniskor samman och ger en k\u00e4nsla av b\u00e5de frihet och stolthet. Genom att erbjuda h\u00f6gkvalitativa garn, m\u00f6nster och verktyg hoppas vi kunna ge b\u00e5de nyb\u00f6rjare och erfarna virkare m\u00f6jligheten att utvecklas och hitta sin egen stil.<\/p><p>Vi \u00e4lskar att skapa nya, inspirerande projekt och att dela v\u00e5ra egna erfarenheter och tips med er. F\u00f6r oss handlar det inte bara om att s\u00e4lja produkter, utan om att bygga en gemenskap d\u00e4r vi kan v\u00e4xa tillsammans och inspirera varandra. H\u00e4r p\u00e5 v\u00e5r sida hittar du inte bara det du beh\u00f6ver f\u00f6r att b\u00f6rja eller forts\u00e4tta din virkningsresa, utan ocks\u00e5 en plats f\u00f6r att dela id\u00e9er och skapa n\u00e5got riktigt speciellt med dina egna h\u00e4nder.<\/p><p>Tack f\u00f6r att du \u00e4r en del av v\u00e5r virkfamilj. Vi ser fram emot att inspirera dig och vara en del av din skapande resa!<\/p>\t\t\t\t\t\t\t\t<\/div>\n\t\t\t\t<\/div>\n\t\t\t\t\t<\/div>\n\t\t<\/div>\n\t\t\t\t<div class=\"elementor-column elementor-col-50 elementor-top-column elementor-element elementor-element-3f6b0d0\" data-id=\"3f6b0d0\" data-element_type=\"column\" data-e-type=\"column\">\n\t\t\t<div class=\"elementor-widget-wrap elementor-element-populated\">\n\t\t\t\t\t\t<div class=\"elementor-element elementor-element-8a64aae elementor-widget elementor-widget-image\" data-id=\"8a64aae\" data-element_type=\"widget\" data-e-type=\"widget\" data-widget_type=\"image.default\">\n\t\t\t\t<div class=\"elementor-widget-container\">\n\t\t\t\t\t\t\t\t\t\t\t\t\t\t\t<img fetchpriority=\"high\" decoding=\"async\" width=\"772\" height=\"1073\" src=\"https:\/\/lina.gndev.se\/wp-content\/uploads\/2024\/12\/women-4707539_1280_16_11zon_11_11zon-e1734077645905.webp\" class=\"attachment-1536x1536 size-1536x1536 wp-image-3342\" alt=\"Tv\u00e5 glada kvinnor i m\u00f6ssa och vinterjackor sparkar upp sn\u00f6 framf\u00f6r en skog.\" srcset=\"https:\/\/lina.gndev.se\/wp-content\/uploads\/2024\/12\/women-4707539_1280_16_11zon_11_11zon-e1734077645905.webp 772w, https:\/\/lina.gndev.se\/wp-content\/uploads\/2024\/12\/women-4707539_1280_16_11zon_11_11zon-e1734077645905-216x300.webp 216w, https:\/\/lina.gndev.se\/wp-content\/uploads\/2024\/12\/women-4707539_1280_16_11zon_11_11zon-e1734077645905-737x1024.webp 737w, https:\/\/lina.gndev.se\/wp-content\/uploads\/2024\/12\/women-4707539_1280_16_11zon_11_11zon-e1734077645905-768x1067.webp 768w, https:\/\/lina.gndev.se\/wp-content\/uploads\/2024\/12\/women-4707539_1280_16_11zon_11_11zon-e1734077645905-600x834.webp 600w\" sizes=\"(max-width: 772px) 100vw, 772px\" \/>\t\t\t\t\t\t\t\t\t\t\t\t\t\t\t<\/div>\n\t\t\t\t<\/div>\n\t\t\t\t\t<\/div>\n\t\t<\/div>\n\t\t\t\t\t<\/div>\n\t\t<\/section>\n\t\t\t\t<\/div>\n\t\t","protected":false},"excerpt":{"rendered":"<p>Med hj\u00e4rtat sen 2017 Tv\u00e5 systrar med en brinnande passion f\u00f6r virkning Vi \u00e4r tv\u00e5 systrar som alltid har haft en stark passion f\u00f6r skapande och hantverk. V\u00e5r resa b\u00f6rjade tidigt, n\u00e4r vi som barn satt tillsammans och virkade i timmar. Fr\u00e5n enkla sm\u00e5 projekt till mer avancerade verk, har virkning alltid varit en gemensam [&hellip;]<\/p>\n","protected":false},"author":1,"featured_media":0,"parent":0,"menu_order":0,"comment_status":"closed","ping_status":"closed","template":"","meta":{"footnotes":""},"class_list":["post-908","page","type-page","status-publish","hentry"],"yoast_head":"<!-- This site is optimized with the Yoast SEO plugin v27.2 - https:\/\/yoast.com\/product\/yoast-seo-wordpress\/ -->\n<title>Om oss - Virkstugan<\/title>\n<meta name=\"robots\" content=\"index, follow, max-snippet:-1, max-image-preview:large, max-video-preview:-1\" \/>\n<link rel=\"canonical\" href=\"https:\/\/lina.gndev.se\/?page_id=908\" \/>\n<meta property=\"og:locale\" content=\"sv_SE\" \/>\n<meta property=\"og:type\" content=\"article\" \/>\n<meta property=\"og:title\" content=\"Om oss - Virkstugan\" \/>\n<meta property=\"og:description\" content=\"Med hj\u00e4rtat sen 2017 Tv\u00e5 systrar med en brinnande passion f\u00f6r virkning Vi \u00e4r tv\u00e5 systrar som alltid har haft en stark passion f\u00f6r skapande och hantverk. V\u00e5r resa b\u00f6rjade tidigt, n\u00e4r vi som barn satt tillsammans och virkade i timmar. Fr\u00e5n enkla sm\u00e5 projekt till mer avancerade verk, har virkning alltid varit en gemensam [&hellip;]\" \/>\n<meta property=\"og:url\" content=\"https:\/\/lina.gndev.se\/?page_id=908\" \/>\n<meta property=\"og:site_name\" content=\"Virkstugan\" \/>\n<meta property=\"article:modified_time\" content=\"2025-06-17T21:15:47+00:00\" \/>\n<meta property=\"og:image\" content=\"https:\/\/lina.gndev.se\/wp-content\/uploads\/2024\/12\/women-4707539_1280_16_11zon_11_11zon-e1734077645905.webp\" \/>\n\t<meta property=\"og:image:width\" content=\"772\" \/>\n\t<meta property=\"og:image:height\" content=\"1073\" \/>\n\t<meta property=\"og:image:type\" content=\"image\/webp\" \/>\n<meta name=\"twitter:card\" content=\"summary_large_image\" \/>\n<meta name=\"twitter:label1\" content=\"Ber\u00e4knad l\u00e4stid\" \/>\n\t<meta name=\"twitter:data1\" content=\"2 minuter\" \/>\n<script type=\"application\/ld+json\" class=\"yoast-schema-graph\">{\"@context\":\"https:\/\/schema.org\",\"@graph\":[{\"@type\":\"WebPage\",\"@id\":\"https:\/\/lina.gndev.se\/?page_id=908\",\"url\":\"https:\/\/lina.gndev.se\/?page_id=908\",\"name\":\"Om oss - Virkstugan\",\"isPartOf\":{\"@id\":\"https:\/\/lina.gndev.se\/#website\"},\"primaryImageOfPage\":{\"@id\":\"https:\/\/lina.gndev.se\/?page_id=908#primaryimage\"},\"image\":{\"@id\":\"https:\/\/lina.gndev.se\/?page_id=908#primaryimage\"},\"thumbnailUrl\":\"https:\/\/lina.gndev.se\/wp-content\/uploads\/2024\/12\/women-4707539_1280_16_11zon_11_11zon-e1734077645905.webp\",\"datePublished\":\"2024-11-20T08:08:07+00:00\",\"dateModified\":\"2025-06-17T21:15:47+00:00\",\"breadcrumb\":{\"@id\":\"https:\/\/lina.gndev.se\/?page_id=908#breadcrumb\"},\"inLanguage\":\"sv-SE\",\"potentialAction\":[{\"@type\":\"ReadAction\",\"target\":[\"https:\/\/lina.gndev.se\/?page_id=908\"]}]},{\"@type\":\"ImageObject\",\"inLanguage\":\"sv-SE\",\"@id\":\"https:\/\/lina.gndev.se\/?page_id=908#primaryimage\",\"url\":\"https:\/\/lina.gndev.se\/wp-content\/uploads\/2024\/12\/women-4707539_1280_16_11zon_11_11zon-e1734077645905.webp\",\"contentUrl\":\"https:\/\/lina.gndev.se\/wp-content\/uploads\/2024\/12\/women-4707539_1280_16_11zon_11_11zon-e1734077645905.webp\",\"width\":772,\"height\":1073,\"caption\":\"Tv\u00e5 glada kvinnor i m\u00f6ssa och vinterjackor sparkar upp sn\u00f6 framf\u00f6r en skog.\"},{\"@type\":\"BreadcrumbList\",\"@id\":\"https:\/\/lina.gndev.se\/?page_id=908#breadcrumb\",\"itemListElement\":[{\"@type\":\"ListItem\",\"position\":1,\"name\":\"Home\",\"item\":\"https:\/\/lina.gndev.se\/\"},{\"@type\":\"ListItem\",\"position\":2,\"name\":\"Om oss\"}]},{\"@type\":\"WebSite\",\"@id\":\"https:\/\/lina.gndev.se\/#website\",\"url\":\"https:\/\/lina.gndev.se\/\",\"name\":\"lina\",\"description\":\"Labbmilj\u00f6\",\"publisher\":{\"@id\":\"https:\/\/lina.gndev.se\/#organization\"},\"potentialAction\":[{\"@type\":\"SearchAction\",\"target\":{\"@type\":\"EntryPoint\",\"urlTemplate\":\"https:\/\/lina.gndev.se\/?s={search_term_string}\"},\"query-input\":{\"@type\":\"PropertyValueSpecification\",\"valueRequired\":true,\"valueName\":\"search_term_string\"}}],\"inLanguage\":\"sv-SE\"},{\"@type\":\"Organization\",\"@id\":\"https:\/\/lina.gndev.se\/#organization\",\"name\":\"lina\",\"url\":\"https:\/\/lina.gndev.se\/\",\"logo\":{\"@type\":\"ImageObject\",\"inLanguage\":\"sv-SE\",\"@id\":\"https:\/\/lina.gndev.se\/#\/schema\/logo\/image\/\",\"url\":\"https:\/\/lina.gndev.se\/wp-content\/uploads\/2024\/11\/ikon-m-devis-versal.svg\",\"contentUrl\":\"https:\/\/lina.gndev.se\/wp-content\/uploads\/2024\/11\/ikon-m-devis-versal.svg\",\"width\":101,\"height\":24,\"caption\":\"lina\"},\"image\":{\"@id\":\"https:\/\/lina.gndev.se\/#\/schema\/logo\/image\/\"}}]}<\/script>\n<!-- \/ Yoast SEO plugin. -->","yoast_head_json":{"title":"Om oss - Virkstugan","robots":{"index":"index","follow":"follow","max-snippet":"max-snippet:-1","max-image-preview":"max-image-preview:large","max-video-preview":"max-video-preview:-1"},"canonical":"https:\/\/lina.gndev.se\/?page_id=908","og_locale":"sv_SE","og_type":"article","og_title":"Om oss - Virkstugan","og_description":"Med hj\u00e4rtat sen 2017 Tv\u00e5 systrar med en brinnande passion f\u00f6r virkning Vi \u00e4r tv\u00e5 systrar som alltid har haft en stark passion f\u00f6r skapande och hantverk. V\u00e5r resa b\u00f6rjade tidigt, n\u00e4r vi som barn satt tillsammans och virkade i timmar. Fr\u00e5n enkla sm\u00e5 projekt till mer avancerade verk, har virkning alltid varit en gemensam [&hellip;]","og_url":"https:\/\/lina.gndev.se\/?page_id=908","og_site_name":"Virkstugan","article_modified_time":"2025-06-17T21:15:47+00:00","og_image":[{"width":772,"height":1073,"url":"https:\/\/lina.gndev.se\/wp-content\/uploads\/2024\/12\/women-4707539_1280_16_11zon_11_11zon-e1734077645905.webp","type":"image\/webp"}],"twitter_card":"summary_large_image","twitter_misc":{"Ber\u00e4knad l\u00e4stid":"2 minuter"},"schema":{"@context":"https:\/\/schema.org","@graph":[{"@type":"WebPage","@id":"https:\/\/lina.gndev.se\/?page_id=908","url":"https:\/\/lina.gndev.se\/?page_id=908","name":"Om oss - Virkstugan","isPartOf":{"@id":"https:\/\/lina.gndev.se\/#website"},"primaryImageOfPage":{"@id":"https:\/\/lina.gndev.se\/?page_id=908#primaryimage"},"image":{"@id":"https:\/\/lina.gndev.se\/?page_id=908#primaryimage"},"thumbnailUrl":"https:\/\/lina.gndev.se\/wp-content\/uploads\/2024\/12\/women-4707539_1280_16_11zon_11_11zon-e1734077645905.webp","datePublished":"2024-11-20T08:08:07+00:00","dateModified":"2025-06-17T21:15:47+00:00","breadcrumb":{"@id":"https:\/\/lina.gndev.se\/?page_id=908#breadcrumb"},"inLanguage":"sv-SE","potentialAction":[{"@type":"ReadAction","target":["https:\/\/lina.gndev.se\/?page_id=908"]}]},{"@type":"ImageObject","inLanguage":"sv-SE","@id":"https:\/\/lina.gndev.se\/?page_id=908#primaryimage","url":"https:\/\/lina.gndev.se\/wp-content\/uploads\/2024\/12\/women-4707539_1280_16_11zon_11_11zon-e1734077645905.webp","contentUrl":"https:\/\/lina.gndev.se\/wp-content\/uploads\/2024\/12\/women-4707539_1280_16_11zon_11_11zon-e1734077645905.webp","width":772,"height":1073,"caption":"Tv\u00e5 glada kvinnor i m\u00f6ssa och vinterjackor sparkar upp sn\u00f6 framf\u00f6r en skog."},{"@type":"BreadcrumbList","@id":"https:\/\/lina.gndev.se\/?page_id=908#breadcrumb","itemListElement":[{"@type":"ListItem","position":1,"name":"Home","item":"https:\/\/lina.gndev.se\/"},{"@type":"ListItem","position":2,"name":"Om oss"}]},{"@type":"WebSite","@id":"https:\/\/lina.gndev.se\/#website","url":"https:\/\/lina.gndev.se\/","name":"lina","description":"Labbmilj\u00f6","publisher":{"@id":"https:\/\/lina.gndev.se\/#organization"},"potentialAction":[{"@type":"SearchAction","target":{"@type":"EntryPoint","urlTemplate":"https:\/\/lina.gndev.se\/?s={search_term_string}"},"query-input":{"@type":"PropertyValueSpecification","valueRequired":true,"valueName":"search_term_string"}}],"inLanguage":"sv-SE"},{"@type":"Organization","@id":"https:\/\/lina.gndev.se\/#organization","name":"lina","url":"https:\/\/lina.gndev.se\/","logo":{"@type":"ImageObject","inLanguage":"sv-SE","@id":"https:\/\/lina.gndev.se\/#\/schema\/logo\/image\/","url":"https:\/\/lina.gndev.se\/wp-content\/uploads\/2024\/11\/ikon-m-devis-versal.svg","contentUrl":"https:\/\/lina.gndev.se\/wp-content\/uploads\/2024\/11\/ikon-m-devis-versal.svg","width":101,"height":24,"caption":"lina"},"image":{"@id":"https:\/\/lina.gndev.se\/#\/schema\/logo\/image\/"}}]}},"_links":{"self":[{"href":"https:\/\/lina.gndev.se\/index.php?rest_route=\/wp\/v2\/pages\/908","targetHints":{"allow":["GET"]}}],"collection":[{"href":"https:\/\/lina.gndev.se\/index.php?rest_route=\/wp\/v2\/pages"}],"about":[{"href":"https:\/\/lina.gndev.se\/index.php?rest_route=\/wp\/v2\/types\/page"}],"author":[{"embeddable":true,"href":"https:\/\/lina.gndev.se\/index.php?rest_route=\/wp\/v2\/users\/1"}],"replies":[{"embeddable":true,"href":"https:\/\/lina.gndev.se\/index.php?rest_route=%2Fwp%2Fv2%2Fcomments&post=908"}],"version-history":[{"count":98,"href":"https:\/\/lina.gndev.se\/index.php?rest_route=\/wp\/v2\/pages\/908\/revisions"}],"predecessor-version":[{"id":3724,"href":"https:\/\/lina.gndev.se\/index.php?rest_route=\/wp\/v2\/pages\/908\/revisions\/3724"}],"wp:attachment":[{"href":"https:\/\/lina.gndev.se\/index.php?rest_route=%2Fwp%2Fv2%2Fmedia&parent=908"}],"curies":[{"name":"wp","href":"https:\/\/api.w.org\/{rel}","templated":true}]}}