{"id":949,"date":"2024-11-25T12:47:33","date_gmt":"2024-11-25T11:47:33","guid":{"rendered":"https:\/\/lina.gndev.se\/?page_id=949"},"modified":"2024-12-12T12:58:03","modified_gmt":"2024-12-12T11:58:03","slug":"forum","status":"publish","type":"page","link":"https:\/\/lina.gndev.se\/?page_id=949","title":{"rendered":"Forum"},"content":{"rendered":"\t\t<div data-elementor-type=\"wp-page\" data-elementor-id=\"949\" class=\"elementor elementor-949\" data-elementor-post-type=\"page\">\n\t\t\t\t\t\t<section class=\"elementor-section elementor-top-section elementor-element elementor-element-138b81f elementor-section-boxed elementor-section-height-default elementor-section-height-default\" data-id=\"138b81f\" data-element_type=\"section\" data-e-type=\"section\">\n\t\t\t\t\t\t<div class=\"elementor-container elementor-column-gap-default\">\n\t\t\t\t\t<div class=\"elementor-column elementor-col-100 elementor-top-column elementor-element elementor-element-ca69b9d\" data-id=\"ca69b9d\" data-element_type=\"column\" data-e-type=\"column\">\n\t\t\t<div class=\"elementor-widget-wrap elementor-element-populated\">\n\t\t\t\t\t\t<div class=\"elementor-element elementor-element-82c4567 elementor-widget elementor-widget-heading\" data-id=\"82c4567\" data-element_type=\"widget\" data-e-type=\"widget\" data-widget_type=\"heading.default\">\n\t\t\t\t<div class=\"elementor-widget-container\">\n\t\t\t\t\t<h1 class=\"elementor-heading-title elementor-size-default\">Forum<\/h1>\t\t\t\t<\/div>\n\t\t\t\t<\/div>\n\t\t\t\t\t<\/div>\n\t\t<\/div>\n\t\t\t\t\t<\/div>\n\t\t<\/section>\n\t\t\t\t<section class=\"elementor-section elementor-top-section elementor-element elementor-element-fb6ba00 elementor-section-height-min-height elementor-section-full_width elementor-section-height-default elementor-section-items-middle\" data-id=\"fb6ba00\" data-element_type=\"section\" data-e-type=\"section\">\n\t\t\t\t\t\t<div class=\"elementor-container elementor-column-gap-default\">\n\t\t\t\t\t<div class=\"elementor-column elementor-col-100 elementor-top-column elementor-element elementor-element-7219a17 elementor-hidden-mobile\" data-id=\"7219a17\" data-element_type=\"column\" data-e-type=\"column\">\n\t\t\t<div class=\"elementor-widget-wrap elementor-element-populated\">\n\t\t\t\t\t\t<div class=\"elementor-element elementor-element-4dc58f4 elementor-testimonial--skin-default elementor-testimonial--layout-image_inline elementor-testimonial--align-center elementor-arrows-yes elementor-pagination-type-bullets elementor-widget elementor-widget-testimonial-carousel\" data-id=\"4dc58f4\" data-element_type=\"widget\" data-e-type=\"widget\" data-settings=\"{&quot;show_arrows&quot;:&quot;yes&quot;,&quot;pagination&quot;:&quot;bullets&quot;,&quot;speed&quot;:500,&quot;autoplay&quot;:&quot;yes&quot;,&quot;autoplay_speed&quot;:5000,&quot;loop&quot;:&quot;yes&quot;,&quot;pause_on_hover&quot;:&quot;yes&quot;,&quot;pause_on_interaction&quot;:&quot;yes&quot;,&quot;space_between&quot;:{&quot;unit&quot;:&quot;px&quot;,&quot;size&quot;:10,&quot;sizes&quot;:[]},&quot;space_between_tablet&quot;:{&quot;unit&quot;:&quot;px&quot;,&quot;size&quot;:10,&quot;sizes&quot;:[]},&quot;space_between_mobile&quot;:{&quot;unit&quot;:&quot;px&quot;,&quot;size&quot;:10,&quot;sizes&quot;:[]}}\" data-widget_type=\"testimonial-carousel.default\">\n\t\t\t\t<div class=\"elementor-widget-container\">\n\t\t\t\t\t\t\t\t\t<div class=\"elementor-swiper\">\n\t\t\t\t\t<div class=\"elementor-main-swiper swiper\" role=\"region\" aria-roledescription=\"carousel\" aria-label=\"Bildspel\">\n\t\t\t\t<div class=\"swiper-wrapper\">\n\t\t\t\t\t\t\t\t\t\t\t<div class=\"swiper-slide\" role=\"group\" aria-roledescription=\"slide\">\n\t\t\t\t\t\t\t\t\t<div class=\"elementor-testimonial\">\n\t\t\t\t\t\t\t<div class=\"elementor-testimonial__content\">\n\t\t\t\t\t<div class=\"elementor-testimonial__text\">\n\t\t\t\t\t\tHej! Jag \u00e4r ny p\u00e5 virkning och har precis b\u00f6rjat l\u00e4ra mig. Tips p\u00e5 bra startprojekt f\u00f6r nyb\u00f6rjare? Jag har provat enkla m\u00f6nster f\u00f6r grytlappar, men skulle g\u00e4rna vilja utmana mig lite mer. N\u00e5gra bra resurser eller id\u00e9er? \t\t\t\t\t<\/div>\n\t\t\t\t\t\t\t\t\t<\/div>\n\t\t\t\t\t\t<div class=\"elementor-testimonial__footer\">\n\t\t\t\t\t\t\t\t<cite class=\"elementor-testimonial__cite\"><span class=\"elementor-testimonial__name\">VirkandeVera<\/span><span class=\"elementor-testimonial__title\">Virkare<\/span><\/cite>\t\t\t<\/div>\n\t\t<\/div>\n\t\t\t\t\t\t\t\t<\/div>\n\t\t\t\t\t\t\t\t\t\t\t<div class=\"swiper-slide\" role=\"group\" aria-roledescription=\"slide\">\n\t\t\t\t\t\t\t\t\t<div class=\"elementor-testimonial\">\n\t\t\t\t\t\t\t<div class=\"elementor-testimonial__content\">\n\t\t\t\t\t<div class=\"elementor-testimonial__text\">\n\t\t\t\t\t\tJag ville bara dela med mig av min senaste virkade pl\u00e4d! Har anv\u00e4nt mig av ett enkelt fyrkanter-m\u00f6nster i mjuka pastellf\u00e4rger. Det var ett roligt projekt och perfekt f\u00f6r att slappna av p\u00e5 kv\u00e4llarna. Det k\u00e4nns s\u00e5 bra att ha n\u00e5got handgjort att krypa in i n\u00e4r det blir kallt ute.\t\t\t\t\t<\/div>\n\t\t\t\t\t\t\t\t\t<\/div>\n\t\t\t\t\t\t<div class=\"elementor-testimonial__footer\">\n\t\t\t\t\t\t\t\t<cite class=\"elementor-testimonial__cite\"><span class=\"elementor-testimonial__name\">Tr\u00e5dtrixare<\/span><\/cite>\t\t\t<\/div>\n\t\t<\/div>\n\t\t\t\t\t\t\t\t<\/div>\n\t\t\t\t\t\t\t\t\t\t\t<div class=\"swiper-slide\" role=\"group\" aria-roledescription=\"slide\">\n\t\t\t\t\t\t\t\t\t<div class=\"elementor-testimonial\">\n\t\t\t\t\t\t\t<div class=\"elementor-testimonial__content\">\n\t\t\t\t\t<div class=\"elementor-testimonial__text\">\n\t\t\t\t\t\tEfter att ha virkat i n\u00e5gra m\u00e5nader har jag l\u00e4rt mig ett par saker som hj\u00e4lpt mig undvika vanliga fel. Ett tips \u00e4r att alltid r\u00e4kna maskorna noggrant innan man b\u00f6rjar ett nytt varv, och att anv\u00e4nda mark\u00f6rer f\u00f6r att h\u00e5lla koll p\u00e5 varvet. Det har sparat mig mycket tid n\u00e4r jag f\u00e5r mindre spr\u00e4ttande. Hoppas detta kan vara anv\u00e4ndbart f\u00f6r n\u00e5gon annan! \t\t\t\t\t<\/div>\n\t\t\t\t\t\t\t\t\t<\/div>\n\t\t\t\t\t\t<div class=\"elementor-testimonial__footer\">\n\t\t\t\t\t\t\t\t<cite class=\"elementor-testimonial__cite\"><span class=\"elementor-testimonial__name\">Maskmagi<\/span><\/cite>\t\t\t<\/div>\n\t\t<\/div>\n\t\t\t\t\t\t\t\t<\/div>\n\t\t\t\t\t\t\t\t\t<\/div>\n\t\t\t\t\t\t\t\t\t\t\t\t\t\t\t<div class=\"elementor-swiper-button elementor-swiper-button-prev\" role=\"button\" tabindex=\"0\" aria-label=\"F\u00f6reg\u00e5ende\">\n\t\t\t\t\t\t\t<i aria-hidden=\"true\" class=\"eicon-chevron-left\"><\/i>\t\t\t\t\t\t<\/div>\n\t\t\t\t\t\t<div class=\"elementor-swiper-button elementor-swiper-button-next\" role=\"button\" tabindex=\"0\" aria-label=\"N\u00e4sta\">\n\t\t\t\t\t\t\t<i aria-hidden=\"true\" class=\"eicon-chevron-right\"><\/i>\t\t\t\t\t\t<\/div>\n\t\t\t\t\t\t\t\t\t\t\t\t\t\t\t\t<div class=\"swiper-pagination\"><\/div>\n\t\t\t\t\t\t\t\t\t\t\t\t<\/div>\n\t\t\t\t<\/div>\n\t\t\t\t\t\t\t\t<\/div>\n\t\t\t\t<\/div>\n\t\t\t\t\t<\/div>\n\t\t<\/div>\n\t\t\t\t\t<\/div>\n\t\t<\/section>\n\t\t\t\t<section class=\"elementor-section elementor-top-section elementor-element elementor-element-d3e1d57 elementor-reverse-mobile elementor-section-boxed elementor-section-height-default elementor-section-height-default\" data-id=\"d3e1d57\" data-element_type=\"section\" data-e-type=\"section\">\n\t\t\t\t\t\t<div class=\"elementor-container elementor-column-gap-default\">\n\t\t\t\t\t<div class=\"elementor-column elementor-col-66 elementor-top-column elementor-element elementor-element-643e1dc\" data-id=\"643e1dc\" data-element_type=\"column\" data-e-type=\"column\">\n\t\t\t<div class=\"elementor-widget-wrap elementor-element-populated\">\n\t\t\t\t\t\t<div class=\"elementor-element elementor-element-e16eff1 elementor-grid-1 elementor-grid-tablet-1 elementor-widget-mobile__width-inherit elementor-grid-mobile-1 elementor-posts--thumbnail-top elementor-posts--show-avatar elementor-card-shadow-yes elementor-posts__hover-gradient elementor-widget elementor-widget-posts\" data-id=\"e16eff1\" data-element_type=\"widget\" data-e-type=\"widget\" data-settings=\"{&quot;cards_columns&quot;:&quot;1&quot;,&quot;cards_columns_tablet&quot;:&quot;1&quot;,&quot;cards_columns_mobile&quot;:&quot;1&quot;,&quot;cards_row_gap&quot;:{&quot;unit&quot;:&quot;px&quot;,&quot;size&quot;:35,&quot;sizes&quot;:[]},&quot;cards_row_gap_tablet&quot;:{&quot;unit&quot;:&quot;px&quot;,&quot;size&quot;:&quot;&quot;,&quot;sizes&quot;:[]},&quot;cards_row_gap_mobile&quot;:{&quot;unit&quot;:&quot;px&quot;,&quot;size&quot;:&quot;&quot;,&quot;sizes&quot;:[]}}\" data-widget_type=\"posts.cards\">\n\t\t\t\t<div class=\"elementor-widget-container\">\n\t\t\t\t\t\t\t<div class=\"elementor-posts-container elementor-posts elementor-posts--skin-cards elementor-grid\" role=\"list\">\n\t\t\t\t<article class=\"elementor-post elementor-grid-item post-2000 post type-post status-publish format-standard has-post-thumbnail hentry category-formular\" role=\"listitem\">\n\t\t\t<div class=\"elementor-post__card\">\n\t\t\t\t<a class=\"elementor-post__thumbnail__link\" href=\"https:\/\/lina.gndev.se\/?p=2000\" tabindex=\"-1\" ><div class=\"elementor-post__thumbnail\"><img fetchpriority=\"high\" decoding=\"async\" width=\"1280\" height=\"960\" src=\"https:\/\/lina.gndev.se\/wp-content\/uploads\/2024\/12\/crochet-450724_1280_9_11zon_1_11zon.webp\" class=\"attachment-full size-full wp-image-3328\" alt=\"Virkningsprojekt i vitt garn, med h\u00e4nder som h\u00e5ller virkn\u00e5len och arbetar p\u00e5 ett p\u00e5g\u00e5ende m\u00f6nster.\" srcset=\"https:\/\/lina.gndev.se\/wp-content\/uploads\/2024\/12\/crochet-450724_1280_9_11zon_1_11zon.webp 1280w, https:\/\/lina.gndev.se\/wp-content\/uploads\/2024\/12\/crochet-450724_1280_9_11zon_1_11zon-300x225.webp 300w, https:\/\/lina.gndev.se\/wp-content\/uploads\/2024\/12\/crochet-450724_1280_9_11zon_1_11zon-1024x768.webp 1024w, https:\/\/lina.gndev.se\/wp-content\/uploads\/2024\/12\/crochet-450724_1280_9_11zon_1_11zon-768x576.webp 768w, https:\/\/lina.gndev.se\/wp-content\/uploads\/2024\/12\/crochet-450724_1280_9_11zon_1_11zon-600x450.webp 600w\" sizes=\"(max-width: 1280px) 100vw, 1280px\" \/><\/div><\/a>\n\t\t\t\t<div class=\"elementor-post__badge\">Formul\u00e4r<\/div>\n\t\t\t\t<div class=\"elementor-post__avatar\">\n\t\t\t<img alt='admin' src='https:\/\/secure.gravatar.com\/avatar\/bcc010411ab0d60d3fff6659d1238b0be67862fa63107804e8ddf04df0e30899?s=128&#038;d=mm&#038;r=g' srcset='https:\/\/secure.gravatar.com\/avatar\/bcc010411ab0d60d3fff6659d1238b0be67862fa63107804e8ddf04df0e30899?s=256&#038;d=mm&#038;r=g 2x' class='avatar avatar-128 photo' height='128' width='128' \/>\t\t<\/div>\n\t\t\t\t<div class=\"elementor-post__text\">\n\t\t\t\t<h3 class=\"elementor-post__title\">\n\t\t\t<a href=\"https:\/\/lina.gndev.se\/?p=2000\" >\n\t\t\t\tForum exempel\t\t\t<\/a>\n\t\t<\/h3>\n\t\t\t\t<div class=\"elementor-post__excerpt\">\n\t\t\t<p>Anv\u00e4nder glatt m\u00f6nstret f\u00f6r m\u00f6ssa.<\/p>\n\t\t<\/div>\n\t\t\n\t\t<a class=\"elementor-post__read-more\" href=\"https:\/\/lina.gndev.se\/?p=2000\" aria-label=\"L\u00e4s mer om Forum exempel\" tabindex=\"-1\" >\n\t\t\tL\u00e4s mer \u00bb\t\t<\/a>\n\n\t\t\t\t<\/div>\n\t\t\t\t<div class=\"elementor-post__meta-data\">\n\t\t\t\t\t<span class=\"elementor-post-date\">\n\t\t\tdecember 9, 2024\t\t<\/span>\n\t\t\t\t<span class=\"elementor-post-avatar\">\n\t\t\tInga kommentarer\t\t<\/span>\n\t\t\t\t<\/div>\n\t\t\t\t\t<\/div>\n\t\t<\/article>\n\t\t\t\t<\/div>\n\t\t\n\t\t\t\t\t\t<\/div>\n\t\t\t\t<\/div>\n\t\t\t\t\t<\/div>\n\t\t<\/div>\n\t\t\t\t<div class=\"elementor-column elementor-col-33 elementor-top-column elementor-element elementor-element-28cde56\" data-id=\"28cde56\" data-element_type=\"column\" data-e-type=\"column\">\n\t\t\t<div class=\"elementor-widget-wrap elementor-element-populated\">\n\t\t\t\t\t\t<div class=\"elementor-element elementor-element-ce7a1d0 elementor-widget-mobile__width-inherit elementor-toc--minimized-on-tablet elementor-widget elementor-widget-table-of-contents\" data-id=\"ce7a1d0\" data-element_type=\"widget\" data-e-type=\"widget\" data-settings=\"{&quot;exclude_headings_by_selector&quot;:[],&quot;no_headings_message&quot;:&quot;No headings were found on this page.&quot;,&quot;marker_view&quot;:&quot;bullets&quot;,&quot;icon&quot;:{&quot;value&quot;:&quot;far fa-circle&quot;,&quot;library&quot;:&quot;fa-regular&quot;},&quot;min_height&quot;:{&quot;unit&quot;:&quot;vh&quot;,&quot;size&quot;:30,&quot;sizes&quot;:[]},&quot;min_height_tablet&quot;:{&quot;unit&quot;:&quot;vh&quot;,&quot;size&quot;:&quot;&quot;,&quot;sizes&quot;:[]},&quot;min_height_mobile&quot;:{&quot;unit&quot;:&quot;vh&quot;,&quot;size&quot;:&quot;&quot;,&quot;sizes&quot;:[]},&quot;headings_by_tags&quot;:[&quot;h2&quot;,&quot;h3&quot;,&quot;h4&quot;,&quot;h5&quot;,&quot;h6&quot;],&quot;minimize_box&quot;:&quot;yes&quot;,&quot;minimized_on&quot;:&quot;tablet&quot;,&quot;hierarchical_view&quot;:&quot;yes&quot;}\" data-widget_type=\"table-of-contents.default\">\n\t\t\t\t<div class=\"elementor-widget-container\">\n\t\t\t\t\t\t\t\t\t<div class=\"elementor-toc__header\">\n\t\t\t\t\t\t<h4 class=\"elementor-toc__header-title\">\n\t\t\t\tForum inneh\u00e5ll\t\t\t<\/h4>\n\t\t\t\t\t\t\t\t\t\t<div class=\"elementor-toc__toggle-button elementor-toc__toggle-button--expand\" role=\"button\" tabindex=\"0\" aria-controls=\"elementor-toc__ce7a1d0\" aria-expanded=\"true\" aria-label=\"\u00d6ppna inneh\u00e5llsf\u00f6rteckning\"><i aria-hidden=\"true\" class=\"fas fa-chevron-down\"><\/i><\/div>\n\t\t\t\t<div class=\"elementor-toc__toggle-button elementor-toc__toggle-button--collapse\" role=\"button\" tabindex=\"0\" aria-controls=\"elementor-toc__ce7a1d0\" aria-expanded=\"true\" aria-label=\"St\u00e4ng inneh\u00e5llsf\u00f6rteckning\"><i aria-hidden=\"true\" class=\"fas fa-chevron-up\"><\/i><\/div>\n\t\t\t\t\t<\/div>\n\t\t\t\t<div id=\"elementor-toc__ce7a1d0\" class=\"elementor-toc__body\">\n\t\t\t<div class=\"elementor-toc__spinner-container\">\n\t\t\t\t<i class=\"elementor-toc__spinner eicon-animation-spin eicon-loading\" aria-hidden=\"true\"><\/i>\t\t\t<\/div>\n\t\t<\/div>\n\t\t\t\t\t\t<\/div>\n\t\t\t\t<\/div>\n\t\t\t\t\t<\/div>\n\t\t<\/div>\n\t\t\t\t\t<\/div>\n\t\t<\/section>\n\t\t\t\t<section class=\"elementor-section elementor-top-section elementor-element elementor-element-cee0db3 elementor-section-boxed elementor-section-height-default elementor-section-height-default\" data-id=\"cee0db3\" data-element_type=\"section\" data-e-type=\"section\">\n\t\t\t\t\t\t<div class=\"elementor-container elementor-column-gap-default\">\n\t\t\t\t\t<div class=\"elementor-column elementor-col-100 elementor-top-column elementor-element elementor-element-c7328b7\" data-id=\"c7328b7\" data-element_type=\"column\" data-e-type=\"column\">\n\t\t\t<div class=\"elementor-widget-wrap elementor-element-populated\">\n\t\t\t\t\t\t<div class=\"elementor-element elementor-element-2f77273 elementor-widget elementor-widget-spacer\" data-id=\"2f77273\" data-element_type=\"widget\" data-e-type=\"widget\" data-widget_type=\"spacer.default\">\n\t\t\t\t<div class=\"elementor-widget-container\">\n\t\t\t\t\t\t\t<div class=\"elementor-spacer\">\n\t\t\t<div class=\"elementor-spacer-inner\"><\/div>\n\t\t<\/div>\n\t\t\t\t\t\t<\/div>\n\t\t\t\t<\/div>\n\t\t\t\t\t<\/div>\n\t\t<\/div>\n\t\t\t\t\t<\/div>\n\t\t<\/section>\n\t\t\t\t<section class=\"elementor-section elementor-top-section elementor-element elementor-element-b531cd0 elementor-section-boxed elementor-section-height-default elementor-section-height-default\" data-id=\"b531cd0\" data-element_type=\"section\" data-e-type=\"section\">\n\t\t\t\t\t\t<div class=\"elementor-container elementor-column-gap-default\">\n\t\t\t\t\t<div class=\"elementor-column elementor-col-100 elementor-top-column elementor-element elementor-element-b16763c\" data-id=\"b16763c\" data-element_type=\"column\" data-e-type=\"column\">\n\t\t\t<div class=\"elementor-widget-wrap elementor-element-populated\">\n\t\t\t\t\t\t<div class=\"elementor-element elementor-element-b522d45 elementor-cta--layout-image-left elementor-cta--mobile-layout-image-above elementor-widget-mobile__width-inherit elementor-cta--skin-classic elementor-animated-content elementor-bg-transform elementor-bg-transform-zoom-in elementor-widget elementor-widget-call-to-action\" data-id=\"b522d45\" data-element_type=\"widget\" data-e-type=\"widget\" data-widget_type=\"call-to-action.default\">\n\t\t\t\t<div class=\"elementor-widget-container\">\n\t\t\t\t\t\t\t<div class=\"elementor-cta\">\n\t\t\t\t\t<div class=\"elementor-cta__bg-wrapper\">\n\t\t\t\t<div class=\"elementor-cta__bg elementor-bg\" style=\"background-image: url(https:\/\/lina.gndev.se\/wp-content\/uploads\/2024\/12\/hobby-6678988_1280_10_11zon_5_11zon-e1734077735840.webp);\" role=\"img\" aria-label=\"Ett p\u00e5b\u00f6rjat virkprojekt syns tillsammans med en tekopp, tv\u00e5 ekl\u00f6v, tre ekollon och tv\u00e5 garnnystan, allt placerat bredvid varandra p\u00e5 ett bord. Bilden \u00e4r tagen ovanifr\u00e5n.\"><\/div>\n\t\t\t\t<div class=\"elementor-cta__bg-overlay\"><\/div>\n\t\t\t<\/div>\n\t\t\t\t\t\t\t<div class=\"elementor-cta__content\">\n\t\t\t\t\n\t\t\t\t\t\t\t\t\t<h2 class=\"elementor-cta__title elementor-cta__content-item elementor-content-item\">\n\t\t\t\t\t\tEtt virkglatt community\t\t\t\t\t<\/h2>\n\t\t\t\t\n\t\t\t\t\t\t\t\t\t<div class=\"elementor-cta__description elementor-cta__content-item elementor-content-item\">\n\t\t\t\t\t\tVar med och dela med dig av dina projekt, visa upp dina skapelser fr\u00e5n v\u00e5ra m\u00f6nster eller starta en egen tr\u00e5d f\u00f6r att sm\u00e5prata. \t\t\t\t\t<\/div>\n\t\t\t\t\n\t\t\t\t\t\t\t\t\t<div class=\"elementor-cta__button-wrapper elementor-cta__content-item elementor-content-item \">\n\t\t\t\t\t<a class=\"elementor-cta__button elementor-button elementor-size-\" href=\"https:\/\/lina.gndev.se\/forum-formular\/\">\n\t\t\t\t\t\tHoppa in i konversationen!\t\t\t\t\t<\/a>\n\t\t\t\t\t<\/div>\n\t\t\t\t\t\t\t<\/div>\n\t\t\t\t\t\t<\/div>\n\t\t\t\t\t\t<\/div>\n\t\t\t\t<\/div>\n\t\t\t\t\t<\/div>\n\t\t<\/div>\n\t\t\t\t\t<\/div>\n\t\t<\/section>\n\t\t\t\t<\/div>\n\t\t","protected":false},"excerpt":{"rendered":"<p>Forum Hej! Jag \u00e4r ny p\u00e5 virkning och har precis b\u00f6rjat l\u00e4ra mig. Tips p\u00e5 bra startprojekt f\u00f6r nyb\u00f6rjare? Jag har provat enkla m\u00f6nster f\u00f6r grytlappar, men skulle g\u00e4rna vilja utmana mig lite mer. N\u00e5gra bra resurser eller id\u00e9er? VirkandeVeraVirkare Jag ville bara dela med mig av min senaste virkade pl\u00e4d! Har anv\u00e4nt mig av [&hellip;]<\/p>\n","protected":false},"author":1,"featured_media":0,"parent":0,"menu_order":0,"comment_status":"closed","ping_status":"closed","template":"","meta":{"footnotes":""},"class_list":["post-949","page","type-page","status-publish","hentry"],"yoast_head":"<!-- This site is optimized with the Yoast SEO plugin v27.2 - https:\/\/yoast.com\/product\/yoast-seo-wordpress\/ -->\n<title>Forum - Virkstugan<\/title>\n<meta name=\"robots\" content=\"index, follow, max-snippet:-1, max-image-preview:large, max-video-preview:-1\" \/>\n<link rel=\"canonical\" href=\"https:\/\/lina.gndev.se\/?page_id=949\" \/>\n<meta property=\"og:locale\" content=\"sv_SE\" \/>\n<meta property=\"og:type\" content=\"article\" \/>\n<meta property=\"og:title\" content=\"Forum - Virkstugan\" \/>\n<meta property=\"og:description\" content=\"Forum Hej! Jag \u00e4r ny p\u00e5 virkning och har precis b\u00f6rjat l\u00e4ra mig. Tips p\u00e5 bra startprojekt f\u00f6r nyb\u00f6rjare? Jag har provat enkla m\u00f6nster f\u00f6r grytlappar, men skulle g\u00e4rna vilja utmana mig lite mer. N\u00e5gra bra resurser eller id\u00e9er? VirkandeVeraVirkare Jag ville bara dela med mig av min senaste virkade pl\u00e4d! Har anv\u00e4nt mig av [&hellip;]\" \/>\n<meta property=\"og:url\" content=\"https:\/\/lina.gndev.se\/?page_id=949\" \/>\n<meta property=\"og:site_name\" content=\"Virkstugan\" \/>\n<meta property=\"article:modified_time\" content=\"2024-12-12T11:58:03+00:00\" \/>\n<meta name=\"twitter:card\" content=\"summary_large_image\" \/>\n<meta name=\"twitter:label1\" content=\"Ber\u00e4knad l\u00e4stid\" \/>\n\t<meta name=\"twitter:data1\" content=\"2 minuter\" \/>\n<script type=\"application\/ld+json\" class=\"yoast-schema-graph\">{\"@context\":\"https:\/\/schema.org\",\"@graph\":[{\"@type\":\"WebPage\",\"@id\":\"https:\/\/lina.gndev.se\/?page_id=949\",\"url\":\"https:\/\/lina.gndev.se\/?page_id=949\",\"name\":\"Forum - Virkstugan\",\"isPartOf\":{\"@id\":\"https:\/\/lina.gndev.se\/#website\"},\"datePublished\":\"2024-11-25T11:47:33+00:00\",\"dateModified\":\"2024-12-12T11:58:03+00:00\",\"breadcrumb\":{\"@id\":\"https:\/\/lina.gndev.se\/?page_id=949#breadcrumb\"},\"inLanguage\":\"sv-SE\",\"potentialAction\":[{\"@type\":\"ReadAction\",\"target\":[\"https:\/\/lina.gndev.se\/?page_id=949\"]}]},{\"@type\":\"BreadcrumbList\",\"@id\":\"https:\/\/lina.gndev.se\/?page_id=949#breadcrumb\",\"itemListElement\":[{\"@type\":\"ListItem\",\"position\":1,\"name\":\"Home\",\"item\":\"https:\/\/lina.gndev.se\/\"},{\"@type\":\"ListItem\",\"position\":2,\"name\":\"Forum\"}]},{\"@type\":\"WebSite\",\"@id\":\"https:\/\/lina.gndev.se\/#website\",\"url\":\"https:\/\/lina.gndev.se\/\",\"name\":\"lina\",\"description\":\"Labbmilj\u00f6\",\"publisher\":{\"@id\":\"https:\/\/lina.gndev.se\/#organization\"},\"potentialAction\":[{\"@type\":\"SearchAction\",\"target\":{\"@type\":\"EntryPoint\",\"urlTemplate\":\"https:\/\/lina.gndev.se\/?s={search_term_string}\"},\"query-input\":{\"@type\":\"PropertyValueSpecification\",\"valueRequired\":true,\"valueName\":\"search_term_string\"}}],\"inLanguage\":\"sv-SE\"},{\"@type\":\"Organization\",\"@id\":\"https:\/\/lina.gndev.se\/#organization\",\"name\":\"lina\",\"url\":\"https:\/\/lina.gndev.se\/\",\"logo\":{\"@type\":\"ImageObject\",\"inLanguage\":\"sv-SE\",\"@id\":\"https:\/\/lina.gndev.se\/#\/schema\/logo\/image\/\",\"url\":\"https:\/\/lina.gndev.se\/wp-content\/uploads\/2024\/11\/ikon-m-devis-versal.svg\",\"contentUrl\":\"https:\/\/lina.gndev.se\/wp-content\/uploads\/2024\/11\/ikon-m-devis-versal.svg\",\"width\":101,\"height\":24,\"caption\":\"lina\"},\"image\":{\"@id\":\"https:\/\/lina.gndev.se\/#\/schema\/logo\/image\/\"}}]}<\/script>\n<!-- \/ Yoast SEO plugin. -->","yoast_head_json":{"title":"Forum - Virkstugan","robots":{"index":"index","follow":"follow","max-snippet":"max-snippet:-1","max-image-preview":"max-image-preview:large","max-video-preview":"max-video-preview:-1"},"canonical":"https:\/\/lina.gndev.se\/?page_id=949","og_locale":"sv_SE","og_type":"article","og_title":"Forum - Virkstugan","og_description":"Forum Hej! Jag \u00e4r ny p\u00e5 virkning och har precis b\u00f6rjat l\u00e4ra mig. Tips p\u00e5 bra startprojekt f\u00f6r nyb\u00f6rjare? Jag har provat enkla m\u00f6nster f\u00f6r grytlappar, men skulle g\u00e4rna vilja utmana mig lite mer. N\u00e5gra bra resurser eller id\u00e9er? VirkandeVeraVirkare Jag ville bara dela med mig av min senaste virkade pl\u00e4d! Har anv\u00e4nt mig av [&hellip;]","og_url":"https:\/\/lina.gndev.se\/?page_id=949","og_site_name":"Virkstugan","article_modified_time":"2024-12-12T11:58:03+00:00","twitter_card":"summary_large_image","twitter_misc":{"Ber\u00e4knad l\u00e4stid":"2 minuter"},"schema":{"@context":"https:\/\/schema.org","@graph":[{"@type":"WebPage","@id":"https:\/\/lina.gndev.se\/?page_id=949","url":"https:\/\/lina.gndev.se\/?page_id=949","name":"Forum - Virkstugan","isPartOf":{"@id":"https:\/\/lina.gndev.se\/#website"},"datePublished":"2024-11-25T11:47:33+00:00","dateModified":"2024-12-12T11:58:03+00:00","breadcrumb":{"@id":"https:\/\/lina.gndev.se\/?page_id=949#breadcrumb"},"inLanguage":"sv-SE","potentialAction":[{"@type":"ReadAction","target":["https:\/\/lina.gndev.se\/?page_id=949"]}]},{"@type":"BreadcrumbList","@id":"https:\/\/lina.gndev.se\/?page_id=949#breadcrumb","itemListElement":[{"@type":"ListItem","position":1,"name":"Home","item":"https:\/\/lina.gndev.se\/"},{"@type":"ListItem","position":2,"name":"Forum"}]},{"@type":"WebSite","@id":"https:\/\/lina.gndev.se\/#website","url":"https:\/\/lina.gndev.se\/","name":"lina","description":"Labbmilj\u00f6","publisher":{"@id":"https:\/\/lina.gndev.se\/#organization"},"potentialAction":[{"@type":"SearchAction","target":{"@type":"EntryPoint","urlTemplate":"https:\/\/lina.gndev.se\/?s={search_term_string}"},"query-input":{"@type":"PropertyValueSpecification","valueRequired":true,"valueName":"search_term_string"}}],"inLanguage":"sv-SE"},{"@type":"Organization","@id":"https:\/\/lina.gndev.se\/#organization","name":"lina","url":"https:\/\/lina.gndev.se\/","logo":{"@type":"ImageObject","inLanguage":"sv-SE","@id":"https:\/\/lina.gndev.se\/#\/schema\/logo\/image\/","url":"https:\/\/lina.gndev.se\/wp-content\/uploads\/2024\/11\/ikon-m-devis-versal.svg","contentUrl":"https:\/\/lina.gndev.se\/wp-content\/uploads\/2024\/11\/ikon-m-devis-versal.svg","width":101,"height":24,"caption":"lina"},"image":{"@id":"https:\/\/lina.gndev.se\/#\/schema\/logo\/image\/"}}]}},"_links":{"self":[{"href":"https:\/\/lina.gndev.se\/index.php?rest_route=\/wp\/v2\/pages\/949","targetHints":{"allow":["GET"]}}],"collection":[{"href":"https:\/\/lina.gndev.se\/index.php?rest_route=\/wp\/v2\/pages"}],"about":[{"href":"https:\/\/lina.gndev.se\/index.php?rest_route=\/wp\/v2\/types\/page"}],"author":[{"embeddable":true,"href":"https:\/\/lina.gndev.se\/index.php?rest_route=\/wp\/v2\/users\/1"}],"replies":[{"embeddable":true,"href":"https:\/\/lina.gndev.se\/index.php?rest_route=%2Fwp%2Fv2%2Fcomments&post=949"}],"version-history":[{"count":166,"href":"https:\/\/lina.gndev.se\/index.php?rest_route=\/wp\/v2\/pages\/949\/revisions"}],"predecessor-version":[{"id":3432,"href":"https:\/\/lina.gndev.se\/index.php?rest_route=\/wp\/v2\/pages\/949\/revisions\/3432"}],"wp:attachment":[{"href":"https:\/\/lina.gndev.se\/index.php?rest_route=%2Fwp%2Fv2%2Fmedia&parent=949"}],"curies":[{"name":"wp","href":"https:\/\/api.w.org\/{rel}","templated":true}]}}